{"id":4075,"date":"2022-02-25T13:56:34","date_gmt":"2022-02-25T12:56:34","guid":{"rendered":"https:\/\/lm-bookingagency.com\/neuigkeiten\/"},"modified":"2025-10-21T18:06:00","modified_gmt":"2025-10-21T16:06:00","slug":"neuigkeiten","status":"publish","type":"page","link":"https:\/\/lm-bookingagency.com\/de\/neuigkeiten\/","title":{"rendered":"Neuigkeiten"},"content":{"rendered":"<section class=\"l-section wpb_row height_medium\"><div class=\"l-section-h i-cf\"><div class=\"g-cols vc_row via_grid cols_1 laptops-cols_inherit tablets-cols_inherit mobiles-cols_1 valign_top type_default stacking_default\"><div class=\"wpb_column vc_column_container\"><div class=\"vc_column-inner\"><h1 class=\"w-text us_custom_4f24afa8\"><span class=\"w-text-h\"><span class=\"w-text-value\">Nachrichten &amp; mehr<\/span><\/span><\/h1><div class=\"w-grid us_post_list type_grid layout_85 cols_3 preload_style_spinner\" id=\"us_post_list_x8fc\" style=\"--columns:3;--gap:20px;\" data-filterable=\"true\"><style>@media (max-width:1024px){#us_post_list_x8fc{--columns:2!important}}@media (max-width:600px){#us_post_list_x8fc{--columns:1!important}}.layout_85 .w-grid-item-h{}.layout_85 .usg_vwrapper_1{transition-duration:0.3s;transform-origin:50% 50%;transform:scale(1) translate(0%,0%)}.layout_85 .w-grid-item-h:focus-within .usg_vwrapper_1,.layout_85 .w-grid-item-h:hover .usg_vwrapper_1{transform:scale(1) translate(0%,0%);opacity:1;border-color:var(--color-header-transparent-text-hover)!important}.layout_85 .usg_vwrapper_1{border-radius:20px!important;padding:24px!important;border:2px solid var(--color-content-border)!important}.layout_85 .usg_post_image_1{border-radius:15px!important}.layout_85 .usg_post_date_1{margin-bottom:4px!important}.layout_85 .usg_vwrapper_2{padding-bottom:26px!important}.layout_85 .usg_post_custom_field_1{margin-bottom:4px!important}<\/style><div class=\"w-grid-list\">\t<article class=\"w-grid-item size_1x1 post-4337 post type-post status-publish format-standard has-post-thumbnail hentry category-nicht-kategorisiert\" data-id=\"4337\">\r\n\t\t<div class=\"w-grid-item-h\">\r\n\t\t\t\t\t\t<div class=\"w-vwrapper usg_vwrapper_1 align_none valign_top\" style=\"--vwrapper-gap:1.20rem\"><div class=\"w-post-elm post_image usg_post_image_1 has_ratio\"><a href=\"https:\/\/lm-bookingagency.com\/de\/traphousestudioz-jetzt-auf-lm-booking\/\" aria-label=\"Traphouse-studioz \u2013Jetzt auf LM Booking\"><img loading=\"lazy\" decoding=\"async\" width=\"1024\" height=\"683\" src=\"https:\/\/lm-bookingagency.com\/wp-content\/uploads\/2025\/12\/PetruPanga-25-1024x683.jpg\" class=\"attachment-large size-large wp-post-image\" alt=\"\" \/><\/a><div style=\"padding-bottom:75%\"><\/div><\/div><div class=\"w-vwrapper usg_vwrapper_3 align_none valign_top has-link\"><div class=\"w-post-elm post_custom_field usg_post_custom_field_1 type_text date color_link_inherit\"><span class=\"w-post-elm-value\">10.12.2025<\/span><\/div><a href=\"https:\/\/lm-bookingagency.com\/de\/traphousestudioz-jetzt-auf-lm-booking\/\" class=\"w-vwrapper-link smooth-scroll\" aria-label=\"Link\"><\/a><\/div><h3 class=\"w-post-elm post_title usg_post_title_1 entry-title color_link_inherit\"><a href=\"https:\/\/lm-bookingagency.com\/de\/traphousestudioz-jetzt-auf-lm-booking\/\">Traphouse-studioz \u2013Jetzt auf LM Booking<\/a><\/h3><div class=\"w-vwrapper usg_vwrapper_2 align_none valign_top has-link\"><div class=\"w-post-elm post_content usg_post_content_1\">TRAPHOUSESTUDIOZ Mit dem Traphousestudioz 0511 ist ab sofort ein modernes Tonstudio in Hannover auf LM Booking buchbar. Das Studio steht&hellip;<\/div><a href=\"https:\/\/lm-bookingagency.com\/de\/traphousestudioz-jetzt-auf-lm-booking\/\" class=\"w-vwrapper-link smooth-scroll\" aria-label=\"Link\"><\/a><\/div><\/div>\t\t<\/div>\r\n\t\t\t<\/article>\r\n\t<article class=\"w-grid-item size_1x1 post-4204 post type-post status-publish format-standard has-post-thumbnail hentry category-nicht-kategorisiert\" data-id=\"4204\">\r\n\t\t<div class=\"w-grid-item-h\">\r\n\t\t\t\t\t\t<div class=\"w-vwrapper usg_vwrapper_1 align_none valign_top\" style=\"--vwrapper-gap:1.20rem\"><div class=\"w-post-elm post_image usg_post_image_1 has_ratio\"><a href=\"https:\/\/lm-bookingagency.com\/de\/rapper-chento-setzt-starkes-zeichen-im-blue-room-mannheim\/\" aria-label=\"Rapper Chento setzt starkes Zeichen im Blue Room Mannheim\"><img loading=\"lazy\" decoding=\"async\" width=\"1024\" height=\"682\" src=\"https:\/\/lm-bookingagency.com\/wp-content\/uploads\/2025\/09\/P1008960-1024x682.jpg\" class=\"attachment-large size-large wp-post-image\" alt=\"\" \/><\/a><div style=\"padding-bottom:75%\"><\/div><\/div><div class=\"w-vwrapper usg_vwrapper_3 align_none valign_top has-link\"><div class=\"w-post-elm post_custom_field usg_post_custom_field_1 type_text date color_link_inherit\"><span class=\"w-post-elm-value\">05.12.2025<\/span><\/div><a href=\"https:\/\/lm-bookingagency.com\/de\/rapper-chento-setzt-starkes-zeichen-im-blue-room-mannheim\/\" class=\"w-vwrapper-link smooth-scroll\" aria-label=\"Link\"><\/a><\/div><h3 class=\"w-post-elm post_title usg_post_title_1 entry-title color_link_inherit\"><a href=\"https:\/\/lm-bookingagency.com\/de\/rapper-chento-setzt-starkes-zeichen-im-blue-room-mannheim\/\">Rapper Chento setzt starkes Zeichen im Blue Room M&hellip;<\/a><\/h3><div class=\"w-vwrapper usg_vwrapper_2 align_none valign_top has-link\"><div class=\"w-post-elm post_content usg_post_content_1\">LM BOOKING ARTIST NEWSChentoDer Mannheimer Artist Chento (b\u00fcrgerlich Cem, 23 Jahre, halb deutsch halb t\u00fcrkisch) hat das Blue Room Gewinnspiel&hellip;<\/div><a href=\"https:\/\/lm-bookingagency.com\/de\/rapper-chento-setzt-starkes-zeichen-im-blue-room-mannheim\/\" class=\"w-vwrapper-link smooth-scroll\" aria-label=\"Link\"><\/a><\/div><\/div>\t\t<\/div>\r\n\t\t\t<\/article>\r\n\t<article class=\"w-grid-item size_1x1 post-4047 post type-post status-publish format-standard has-post-thumbnail hentry category-bielefeld-de\" data-id=\"4047\">\r\n\t\t<div class=\"w-grid-item-h\">\r\n\t\t\t\t\t\t<div class=\"w-vwrapper usg_vwrapper_1 align_none valign_top\" style=\"--vwrapper-gap:1.20rem\"><div class=\"w-post-elm post_image usg_post_image_1 has_ratio\"><a href=\"https:\/\/lm-bookingagency.com\/de\/kostenloses-gewinnspiel-th-e-praxiz-studio\/\" aria-label=\"Kostenloses Gewinnspiel \u2013 The Praxiz Studio\"><img loading=\"lazy\" decoding=\"async\" width=\"1024\" height=\"683\" src=\"https:\/\/lm-bookingagency.com\/wp-content\/uploads\/2025\/10\/PangaPetru-5-1024x683.jpg\" class=\"attachment-large size-large wp-post-image\" alt=\"\" \/><\/a><div style=\"padding-bottom:75%\"><\/div><\/div><div class=\"w-vwrapper usg_vwrapper_3 align_none valign_top has-link\"><time class=\"w-post-elm post_date usg_post_date_1 entry-date published\" datetime=\"2025-10-22T10:00:33+02:00\">22.10.2025<\/time><a href=\"https:\/\/lm-bookingagency.com\/de\/kostenloses-gewinnspiel-th-e-praxiz-studio\/\" class=\"w-vwrapper-link smooth-scroll\" aria-label=\"Link\"><\/a><\/div><h3 class=\"w-post-elm post_title usg_post_title_1 entry-title color_link_inherit\"><a href=\"https:\/\/lm-bookingagency.com\/de\/kostenloses-gewinnspiel-th-e-praxiz-studio\/\">Kostenloses Gewinnspiel \u2013 The Praxiz Studio<\/a><\/h3><div class=\"w-vwrapper usg_vwrapper_2 align_none valign_top has-link\"><div class=\"w-post-elm post_content usg_post_content_1\">Gewinne eine kostenlose Studio SessionZusammen mit LM Booking \u00a0&amp; The Praxiz Studio Dein Tag &#8211; Dein Sound &#8211; Unser Studio&hellip;<\/div><a href=\"https:\/\/lm-bookingagency.com\/de\/kostenloses-gewinnspiel-th-e-praxiz-studio\/\" class=\"w-vwrapper-link smooth-scroll\" aria-label=\"Link\"><\/a><\/div><\/div>\t\t<\/div>\r\n\t\t\t<\/article>\r\n\t<article class=\"w-grid-item size_1x1 post-3970 post type-post status-publish format-standard has-post-thumbnail hentry category-berlin-2-de\" data-id=\"3970\">\r\n\t\t<div class=\"w-grid-item-h\">\r\n\t\t\t\t\t\t<div class=\"w-vwrapper usg_vwrapper_1 align_none valign_top\" style=\"--vwrapper-gap:1.20rem\"><div class=\"w-post-elm post_image usg_post_image_1 has_ratio\"><a href=\"https:\/\/lm-bookingagency.com\/de\/puzzle-studio-a-puzzle-studio-b-zwei-professionelle-studios-in-berlin-tempelhof\/\" aria-label=\"PUZZLE STUDIO A &#038; PUZZLE STUDIO B ZWEI PROFESSIONELLE STUDIOS IN BERLIN TEMPELHOF\"><img loading=\"lazy\" decoding=\"async\" width=\"1024\" height=\"1024\" src=\"https:\/\/lm-bookingagency.com\/wp-content\/uploads\/2025\/10\/WhatsApp-Image-2025-10-11-at-13.16.43-1024x1024.jpeg\" class=\"attachment-large size-large wp-post-image\" alt=\"\" \/><\/a><div style=\"padding-bottom:75%\"><\/div><\/div><div class=\"w-vwrapper usg_vwrapper_3 align_none valign_top has-link\"><time class=\"w-post-elm post_date usg_post_date_1 entry-date published\" datetime=\"2025-10-15T15:00:56+02:00\">15.10.2025<\/time><a href=\"https:\/\/lm-bookingagency.com\/de\/puzzle-studio-a-puzzle-studio-b-zwei-professionelle-studios-in-berlin-tempelhof\/\" class=\"w-vwrapper-link smooth-scroll\" aria-label=\"Link\"><\/a><\/div><h3 class=\"w-post-elm post_title usg_post_title_1 entry-title color_link_inherit\"><a href=\"https:\/\/lm-bookingagency.com\/de\/puzzle-studio-a-puzzle-studio-b-zwei-professionelle-studios-in-berlin-tempelhof\/\">PUZZLE STUDIO A &#038; PUZZLE STUDIO B ZWEI PROFES&hellip;<\/a><\/h3><div class=\"w-vwrapper usg_vwrapper_2 align_none valign_top has-link\"><div class=\"w-post-elm post_content usg_post_content_1\">InstagramJetzt Neu LM Booking erweitert sein Netzwerk in Berlin um zwei professionelle Produktionsstandorte.Das Puzzle Studio A und das Puzzle Studio&hellip;<\/div><a href=\"https:\/\/lm-bookingagency.com\/de\/puzzle-studio-a-puzzle-studio-b-zwei-professionelle-studios-in-berlin-tempelhof\/\" class=\"w-vwrapper-link smooth-scroll\" aria-label=\"Link\"><\/a><\/div><\/div>\t\t<\/div>\r\n\t\t\t<\/article>\r\n\t<article class=\"w-grid-item size_1x1 post-3481 post type-post status-publish format-standard has-post-thumbnail hentry category-nicht-kategorisiert\" data-id=\"3481\">\r\n\t\t<div class=\"w-grid-item-h\">\r\n\t\t\t\t\t\t<div class=\"w-vwrapper usg_vwrapper_1 align_none valign_top\" style=\"--vwrapper-gap:1.20rem\"><div class=\"w-post-elm post_image usg_post_image_1 has_ratio\"><a href=\"https:\/\/lm-bookingagency.com\/de\/kostenloses-gewinnspiel-blue-room-lux-diamonds-studio\/\" aria-label=\"Kostenloses Gewinnspiel \u2013 Blue Room Lux Diamonds Studio\"><img loading=\"lazy\" decoding=\"async\" width=\"1024\" height=\"682\" src=\"https:\/\/lm-bookingagency.com\/wp-content\/uploads\/2025\/07\/P1008917-1024x682.jpg\" class=\"attachment-large size-large wp-post-image\" alt=\"\" \/><\/a><div style=\"padding-bottom:75%\"><\/div><\/div><div class=\"w-vwrapper usg_vwrapper_3 align_none valign_top has-link\"><time class=\"w-post-elm post_date usg_post_date_1 entry-date published\" datetime=\"2025-09-22T11:40:05+02:00\">22.09.2025<\/time><a href=\"https:\/\/lm-bookingagency.com\/de\/kostenloses-gewinnspiel-blue-room-lux-diamonds-studio\/\" class=\"w-vwrapper-link smooth-scroll\" aria-label=\"Link\"><\/a><\/div><h3 class=\"w-post-elm post_title usg_post_title_1 entry-title color_link_inherit\"><a href=\"https:\/\/lm-bookingagency.com\/de\/kostenloses-gewinnspiel-blue-room-lux-diamonds-studio\/\">Kostenloses Gewinnspiel \u2013 Blue Room Lux Diamonds S&hellip;<\/a><\/h3><div class=\"w-vwrapper usg_vwrapper_2 align_none valign_top has-link\"><div class=\"w-post-elm post_content usg_post_content_1\">Gewinne eine kostenlose Studio-SessionLM Booking, in Zusammenarbeit mit Lux Diamonds Studios Mannheim\u00a0 Der Preis \ud83c\udf81Der Gewinner verbringt einen ganzen Tag&hellip;<\/div><a href=\"https:\/\/lm-bookingagency.com\/de\/kostenloses-gewinnspiel-blue-room-lux-diamonds-studio\/\" class=\"w-vwrapper-link smooth-scroll\" aria-label=\"Link\"><\/a><\/div><\/div>\t\t<\/div>\r\n\t\t\t<\/article>\r\n\t<article class=\"w-grid-item size_1x1 post-3696 post type-post status-publish format-standard has-post-thumbnail hentry category-nicht-kategorisiert\" data-id=\"3696\">\r\n\t\t<div class=\"w-grid-item-h\">\r\n\t\t\t\t\t\t<div class=\"w-vwrapper usg_vwrapper_1 align_none valign_top\" style=\"--vwrapper-gap:1.20rem\"><div class=\"w-post-elm post_image usg_post_image_1 has_ratio\"><a href=\"https:\/\/lm-bookingagency.com\/de\/the-praxiz-studio-jetzt-auf-lm-booking-\ud83d\udcc0\/\" aria-label=\"The Praxiz Studio \u2013Jetzt auf LM Booking \ud83d\udcc0\"><img loading=\"lazy\" decoding=\"async\" width=\"1024\" height=\"683\" src=\"https:\/\/lm-bookingagency.com\/wp-content\/uploads\/2025\/08\/PangaPetru-5-1024x683.jpg\" class=\"attachment-large size-large wp-post-image\" alt=\"\" \/><\/a><div style=\"padding-bottom:75%\"><\/div><\/div><div class=\"w-vwrapper usg_vwrapper_3 align_none valign_top has-link\"><div class=\"w-post-elm post_custom_field usg_post_custom_field_1 type_text date color_link_inherit\"><span class=\"w-post-elm-value\">06.09.2025<\/span><\/div><a href=\"https:\/\/lm-bookingagency.com\/de\/the-praxiz-studio-jetzt-auf-lm-booking-\ud83d\udcc0\/\" class=\"w-vwrapper-link smooth-scroll\" aria-label=\"Link\"><\/a><\/div><h3 class=\"w-post-elm post_title usg_post_title_1 entry-title color_link_inherit\"><a href=\"https:\/\/lm-bookingagency.com\/de\/the-praxiz-studio-jetzt-auf-lm-booking-\ud83d\udcc0\/\">The Praxiz Studio \u2013Jetzt auf LM Booking \ud83d\udcc0<\/a><\/h3><div class=\"w-vwrapper usg_vwrapper_2 align_none valign_top has-link\"><div class=\"w-post-elm post_content usg_post_content_1\">The Praxiz Studio Im Jahr 2003 er\u00f6ffnete in Bielefeld ein neuer kreativer Hotspot: The Praxiz Studio. Gegr\u00fcndet von drei langj\u00e4hrigen&hellip;<\/div><a href=\"https:\/\/lm-bookingagency.com\/de\/the-praxiz-studio-jetzt-auf-lm-booking-\ud83d\udcc0\/\" class=\"w-vwrapper-link smooth-scroll\" aria-label=\"Link\"><\/a><\/div><\/div>\t\t<\/div>\r\n\t\t\t<\/article>\r\n\t<article class=\"w-grid-item size_1x1 post-3183 post type-post status-publish format-standard has-post-thumbnail hentry category-nicht-kategorisiert\" data-id=\"3183\">\r\n\t\t<div class=\"w-grid-item-h\">\r\n\t\t\t\t\t\t<div class=\"w-vwrapper usg_vwrapper_1 align_none valign_top\" style=\"--vwrapper-gap:1.20rem\"><div class=\"w-post-elm post_image usg_post_image_1 has_ratio\"><a href=\"https:\/\/lm-bookingagency.com\/de\/blue-room-white-room-zwei-premium-studios-im-lux-diamonds-studio-mannheim\/\" aria-label=\"Blue Room &amp; White Room Zwei Premium-Studios in Mannheim\"><img loading=\"lazy\" decoding=\"async\" width=\"1024\" height=\"1024\" src=\"https:\/\/lm-bookingagency.com\/wp-content\/uploads\/2025\/07\/90B55BDF-FD92-4481-9AC3-230CEB3A9585-1024x1024.jpeg\" class=\"attachment-large size-large wp-post-image\" alt=\"\" \/><\/a><div style=\"padding-bottom:75%\"><\/div><\/div><div class=\"w-vwrapper usg_vwrapper_3 align_none valign_top has-link\"><time class=\"w-post-elm post_date usg_post_date_1 entry-date published\" datetime=\"2025-07-28T15:57:32+02:00\">28.07.2025<\/time><a href=\"https:\/\/lm-bookingagency.com\/de\/blue-room-white-room-zwei-premium-studios-im-lux-diamonds-studio-mannheim\/\" class=\"w-vwrapper-link smooth-scroll\" aria-label=\"Link\"><\/a><\/div><h3 class=\"w-post-elm post_title usg_post_title_1 entry-title color_link_inherit\"><a href=\"https:\/\/lm-bookingagency.com\/de\/blue-room-white-room-zwei-premium-studios-im-lux-diamonds-studio-mannheim\/\">Blue Room &amp; White Room Zwei Premium-Studios in&hellip;<\/a><\/h3><div class=\"w-vwrapper usg_vwrapper_2 align_none valign_top has-link\"><div class=\"w-post-elm post_content usg_post_content_1\">Instagram\ud83c\udf99 NEU AUF UNSERER PLATTFORM Mit gro\u00dfer Freude pr\u00e4sentieren wir den offiziellen Start von LM Booking. Wir er\u00f6ffnen mit zwei&hellip;<\/div><a href=\"https:\/\/lm-bookingagency.com\/de\/blue-room-white-room-zwei-premium-studios-im-lux-diamonds-studio-mannheim\/\" class=\"w-vwrapper-link smooth-scroll\" aria-label=\"Link\"><\/a><\/div><\/div>\t\t<\/div>\r\n\t\t\t<\/article>\r\n<\/div><div class=\"g-loadmore hidden\"><div class=\"g-preloader type_1\"><div><\/div><\/div><\/div><div class=\"w-grid-list-json hidden\" onclick='return {&quot;max_num_pages&quot;:0,&quot;pagination&quot;:&quot;none&quot;,&quot;paged&quot;:1,&quot;ajaxData&quot;:{&quot;_nonce&quot;:&quot;4213bb3ada&quot;,&quot;action&quot;:&quot;us_ajax_post_list&quot;,&quot;meta_type&quot;:&quot;post&quot;,&quot;object_id&quot;:0,&quot;template_vars&quot;:{&quot;paged&quot;:1,&quot;max_num_pages&quot;:0,&quot;no_results&quot;:false,&quot;source&quot;:&quot;all&quot;,&quot;custom_field_name&quot;:&quot;&quot;,&quot;ids&quot;:&quot;&quot;,&quot;post_type&quot;:&quot;post&quot;,&quot;attachment_ids&quot;:null,&quot;include_post_thumbnail&quot;:0,&quot;post_author&quot;:&quot;any&quot;,&quot;post_author_ids&quot;:&quot;&quot;,&quot;apply_url_params&quot;:0,&quot;exclude_children&quot;:0,&quot;exclude_current_post&quot;:1,&quot;exclude_prev_posts&quot;:0,&quot;enable_items_offset&quot;:0,&quot;items_offset&quot;:&quot;1&quot;,&quot;tax_query_relation&quot;:&quot;none&quot;,&quot;tax_query&quot;:[{&quot;operator&quot;:&quot;IN&quot;,&quot;taxonomy&quot;:&quot;category&quot;,&quot;terms&quot;:&quot;&quot;,&quot;include_children&quot;:0}],&quot;meta_query_relation&quot;:&quot;none&quot;,&quot;meta_query&quot;:[{&quot;key&quot;:&quot;custom_field_name&quot;,&quot;compare&quot;:&quot;=&quot;,&quot;value&quot;:&quot;&quot;}],&quot;orderby&quot;:&quot;date&quot;,&quot;orderby_custom_field&quot;:&quot;&quot;,&quot;orderby_custom_type&quot;:0,&quot;order_invert&quot;:&quot;1&quot;,&quot;show_all&quot;:0,&quot;quantity&quot;:&quot;10&quot;,&quot;no_items_action&quot;:&quot;message&quot;,&quot;no_items_message&quot;:&quot;Es wurden keine Ergebnisse gefunden.&quot;,&quot;no_items_page_block&quot;:&quot;&quot;,&quot;pagination&quot;:&quot;none&quot;,&quot;pagination_style&quot;:&quot;&quot;,&quot;pagination_btn_text&quot;:&quot;Mehr laden&quot;,&quot;pagination_btn_size&quot;:&quot;&quot;,&quot;pagination_btn_style&quot;:&quot;1&quot;,&quot;pagination_btn_fullwidth&quot;:0,&quot;items_layout&quot;:&quot;85&quot;,&quot;type&quot;:&quot;grid&quot;,&quot;items_valign&quot;:0,&quot;ignore_items_size&quot;:0,&quot;columns&quot;:&quot;3&quot;,&quot;items_gap&quot;:&quot;20px&quot;,&quot;load_animation&quot;:&quot;none&quot;,&quot;items_preload_style&quot;:&quot;spinner&quot;,&quot;img_size&quot;:&quot;default&quot;,&quot;title_size&quot;:&quot;&quot;,&quot;items_ratio&quot;:&quot;default&quot;,&quot;items_ratio_width&quot;:&quot;21&quot;,&quot;items_ratio_height&quot;:&quot;9&quot;,&quot;overriding_link&quot;:&quot;%7B%22url%22%3A%22%22%7D&quot;,&quot;popup_width&quot;:&quot;&quot;,&quot;popup_arrows&quot;:1,&quot;breakpoint_1_width&quot;:&quot;1381px&quot;,&quot;breakpoint_1_cols&quot;:&quot;default&quot;,&quot;breakpoint_1_quantity&quot;:&quot;&quot;,&quot;breakpoint_1_gap&quot;:&quot;&quot;,&quot;breakpoint_2_width&quot;:&quot;1025px&quot;,&quot;breakpoint_2_cols&quot;:&quot;2&quot;,&quot;breakpoint_2_quantity&quot;:&quot;&quot;,&quot;breakpoint_2_gap&quot;:&quot;&quot;,&quot;breakpoint_3_width&quot;:&quot;601px&quot;,&quot;breakpoint_3_cols&quot;:&quot;1&quot;,&quot;breakpoint_3_quantity&quot;:&quot;&quot;,&quot;breakpoint_3_gap&quot;:&quot;&quot;,&quot;conditions_operator&quot;:&quot;always&quot;,&quot;conditions&quot;:[],&quot;css&quot;:null,&quot;el_class&quot;:&quot;&quot;,&quot;el_id&quot;:&quot;&quot;,&quot;enable_custom_html_atts&quot;:0,&quot;custom_html_atts&quot;:null,&quot;hide_on_states&quot;:&quot;&quot;,&quot;hide_for_sticky&quot;:0,&quot;hide_for_not_sticky&quot;:0,&quot;hide_below&quot;:&quot;0px&quot;,&quot;hide_above&quot;:&quot;0px&quot;,&quot;classes&quot;:&quot;&quot;}},&quot;facetedFilter&quot;:[]}'><\/div><\/div><\/div><\/div><\/div><\/div><\/section>\n","protected":false},"excerpt":{"rendered":"Instagram\ud83c\udf99 NEU AUF UNSERER PLATTFORM Mit gro\u00dfer Freude pr\u00e4sentieren wir den offiziellen Start von LM Booking. Wir er\u00f6ffnen mit zwei herausragenden Premium-Studios: dem Blue Room und dem White Room im renommierten Lux Diamonds Studio Mannheim. Gegr\u00fcndet von Anschar, Lamjed und Dehzad entstand Lux Diamonds aus einer gemeinsamen Vision, einen Ort zu schaffen, der technische Exzellenz...","protected":false},"author":1,"featured_media":0,"parent":0,"menu_order":0,"comment_status":"closed","ping_status":"closed","template":"","meta":{"_acf_changed":false,"footnotes":""},"class_list":["post-4075","page","type-page","status-publish","hentry"],"acf":[],"yoast_head":"<!-- This site is optimized with the Yoast SEO plugin v25.9 - https:\/\/yoast.com\/wordpress\/plugins\/seo\/ -->\n<title>Neuigkeiten - LM Booking Agency<\/title>\n<meta name=\"robots\" content=\"index, follow, max-snippet:-1, max-image-preview:large, max-video-preview:-1\" \/>\n<link rel=\"canonical\" href=\"https:\/\/lm-bookingagency.com\/de\/neuigkeiten\/\" \/>\n<meta property=\"og:locale\" content=\"de_DE\" \/>\n<meta property=\"og:type\" content=\"article\" \/>\n<meta property=\"og:title\" content=\"Neuigkeiten - LM Booking Agency\" \/>\n<meta property=\"og:url\" content=\"https:\/\/lm-bookingagency.com\/de\/neuigkeiten\/\" \/>\n<meta property=\"og:site_name\" content=\"LM Booking Agency\" \/>\n<meta property=\"article:modified_time\" content=\"2025-10-21T16:06:00+00:00\" \/>\n<meta name=\"twitter:card\" content=\"summary_large_image\" \/>\n<script type=\"application\/ld+json\" class=\"yoast-schema-graph\">{\"@context\":\"https:\/\/schema.org\",\"@graph\":[{\"@type\":\"WebPage\",\"@id\":\"https:\/\/lm-bookingagency.com\/de\/neuigkeiten\/\",\"url\":\"https:\/\/lm-bookingagency.com\/de\/neuigkeiten\/\",\"name\":\"Neuigkeiten - LM Booking Agency\",\"isPartOf\":{\"@id\":\"https:\/\/lm-bookingagency.com\/de\/#website\"},\"datePublished\":\"2022-02-25T12:56:34+00:00\",\"dateModified\":\"2025-10-21T16:06:00+00:00\",\"breadcrumb\":{\"@id\":\"https:\/\/lm-bookingagency.com\/de\/neuigkeiten\/#breadcrumb\"},\"inLanguage\":\"de\",\"potentialAction\":[{\"@type\":\"ReadAction\",\"target\":[\"https:\/\/lm-bookingagency.com\/de\/neuigkeiten\/\"]}]},{\"@type\":\"BreadcrumbList\",\"@id\":\"https:\/\/lm-bookingagency.com\/de\/neuigkeiten\/#breadcrumb\",\"itemListElement\":[{\"@type\":\"ListItem\",\"position\":1,\"name\":\"Startseite\",\"item\":\"https:\/\/lm-bookingagency.com\/de\/\"},{\"@type\":\"ListItem\",\"position\":2,\"name\":\"Neuigkeiten\"}]},{\"@type\":\"WebSite\",\"@id\":\"https:\/\/lm-bookingagency.com\/de\/#website\",\"url\":\"https:\/\/lm-bookingagency.com\/de\/\",\"name\":\"LM Booking Agency\",\"description\":\"\",\"publisher\":{\"@id\":\"https:\/\/lm-bookingagency.com\/de\/#organization\"},\"potentialAction\":[{\"@type\":\"SearchAction\",\"target\":{\"@type\":\"EntryPoint\",\"urlTemplate\":\"https:\/\/lm-bookingagency.com\/de\/?s={search_term_string}\"},\"query-input\":{\"@type\":\"PropertyValueSpecification\",\"valueRequired\":true,\"valueName\":\"search_term_string\"}}],\"inLanguage\":\"de\"},{\"@type\":\"Organization\",\"@id\":\"https:\/\/lm-bookingagency.com\/de\/#organization\",\"name\":\"LM Booking Agency\",\"alternateName\":\"LM\",\"url\":\"https:\/\/lm-bookingagency.com\/de\/\",\"logo\":{\"@type\":\"ImageObject\",\"inLanguage\":\"de\",\"@id\":\"https:\/\/lm-bookingagency.com\/de\/#\/schema\/logo\/image\/\",\"url\":\"\",\"contentUrl\":\"\",\"caption\":\"LM Booking Agency\"},\"image\":{\"@id\":\"https:\/\/lm-bookingagency.com\/de\/#\/schema\/logo\/image\/\"}}]}<\/script>\n<!-- \/ Yoast SEO plugin. -->","yoast_head_json":{"title":"Neuigkeiten - LM Booking Agency","robots":{"index":"index","follow":"follow","max-snippet":"max-snippet:-1","max-image-preview":"max-image-preview:large","max-video-preview":"max-video-preview:-1"},"canonical":"https:\/\/lm-bookingagency.com\/de\/neuigkeiten\/","og_locale":"de_DE","og_type":"article","og_title":"Neuigkeiten - LM Booking Agency","og_url":"https:\/\/lm-bookingagency.com\/de\/neuigkeiten\/","og_site_name":"LM Booking Agency","article_modified_time":"2025-10-21T16:06:00+00:00","twitter_card":"summary_large_image","schema":{"@context":"https:\/\/schema.org","@graph":[{"@type":"WebPage","@id":"https:\/\/lm-bookingagency.com\/de\/neuigkeiten\/","url":"https:\/\/lm-bookingagency.com\/de\/neuigkeiten\/","name":"Neuigkeiten - LM Booking Agency","isPartOf":{"@id":"https:\/\/lm-bookingagency.com\/de\/#website"},"datePublished":"2022-02-25T12:56:34+00:00","dateModified":"2025-10-21T16:06:00+00:00","breadcrumb":{"@id":"https:\/\/lm-bookingagency.com\/de\/neuigkeiten\/#breadcrumb"},"inLanguage":"de","potentialAction":[{"@type":"ReadAction","target":["https:\/\/lm-bookingagency.com\/de\/neuigkeiten\/"]}]},{"@type":"BreadcrumbList","@id":"https:\/\/lm-bookingagency.com\/de\/neuigkeiten\/#breadcrumb","itemListElement":[{"@type":"ListItem","position":1,"name":"Startseite","item":"https:\/\/lm-bookingagency.com\/de\/"},{"@type":"ListItem","position":2,"name":"Neuigkeiten"}]},{"@type":"WebSite","@id":"https:\/\/lm-bookingagency.com\/de\/#website","url":"https:\/\/lm-bookingagency.com\/de\/","name":"LM Booking Agency","description":"","publisher":{"@id":"https:\/\/lm-bookingagency.com\/de\/#organization"},"potentialAction":[{"@type":"SearchAction","target":{"@type":"EntryPoint","urlTemplate":"https:\/\/lm-bookingagency.com\/de\/?s={search_term_string}"},"query-input":{"@type":"PropertyValueSpecification","valueRequired":true,"valueName":"search_term_string"}}],"inLanguage":"de"},{"@type":"Organization","@id":"https:\/\/lm-bookingagency.com\/de\/#organization","name":"LM Booking Agency","alternateName":"LM","url":"https:\/\/lm-bookingagency.com\/de\/","logo":{"@type":"ImageObject","inLanguage":"de","@id":"https:\/\/lm-bookingagency.com\/de\/#\/schema\/logo\/image\/","url":"","contentUrl":"","caption":"LM Booking Agency"},"image":{"@id":"https:\/\/lm-bookingagency.com\/de\/#\/schema\/logo\/image\/"}}]}},"_links":{"self":[{"href":"https:\/\/lm-bookingagency.com\/de\/wp-json\/wp\/v2\/pages\/4075","targetHints":{"allow":["GET"]}}],"collection":[{"href":"https:\/\/lm-bookingagency.com\/de\/wp-json\/wp\/v2\/pages"}],"about":[{"href":"https:\/\/lm-bookingagency.com\/de\/wp-json\/wp\/v2\/types\/page"}],"author":[{"embeddable":true,"href":"https:\/\/lm-bookingagency.com\/de\/wp-json\/wp\/v2\/users\/1"}],"replies":[{"embeddable":true,"href":"https:\/\/lm-bookingagency.com\/de\/wp-json\/wp\/v2\/comments?post=4075"}],"version-history":[{"count":2,"href":"https:\/\/lm-bookingagency.com\/de\/wp-json\/wp\/v2\/pages\/4075\/revisions"}],"predecessor-version":[{"id":4077,"href":"https:\/\/lm-bookingagency.com\/de\/wp-json\/wp\/v2\/pages\/4075\/revisions\/4077"}],"wp:attachment":[{"href":"https:\/\/lm-bookingagency.com\/de\/wp-json\/wp\/v2\/media?parent=4075"}],"curies":[{"name":"wp","href":"https:\/\/api.w.org\/{rel}","templated":true}]}}