{"id":3519,"date":"2025-08-18T01:13:43","date_gmt":"2025-08-17T23:13:43","guid":{"rendered":"https:\/\/lm-bookingagency.com\/datenschutzerklaerung-lm-booking-gewinnspiel\/"},"modified":"2025-10-22T17:41:15","modified_gmt":"2025-10-22T15:41:15","slug":"datenschutzerklaerung-lm-booking-gewinnspiel","status":"publish","type":"page","link":"https:\/\/lm-bookingagency.com\/de\/datenschutzerklaerung-lm-booking-gewinnspiel\/","title":{"rendered":"Datenschutzerkl\u00e4rung \u2013 LM Booking &#8211; Luxdiamionds Studio Gewinnspiel"},"content":{"rendered":"<section class=\"l-section wpb_row height_medium\"><div class=\"l-section-h i-cf\"><div class=\"g-cols vc_row via_grid cols_1 laptops-cols_inherit tablets-cols_inherit mobiles-cols_1 valign_top type_default stacking_default\"><div class=\"wpb_column vc_column_container\"><div class=\"vc_column-inner\"><div class=\"wpb_text_column\"><div class=\"wpb_wrapper\"><h1><span>Datenschutzerkl\u00e4rung \u2013 LM Booking-Gewinnspiel<\/span><\/h1>\n<\/div><\/div><div class=\"w-separator size_medium with_line width_default thick_1 style_solid color_border align_center\"><div class=\"w-separator-h\"><\/div><\/div><div class=\"wpb_text_column\"><div class=\"wpb_wrapper\"><p data-start=\"2615\" data-end=\"2782\"><span style=\"color: #dfa73e;\"><strong data-start=\"2615\" data-end=\"2637\">1. Verantwortlicher<\/strong><\/span><br data-start=\"2637\" data-end=\"2640\">Der f\u00fcr die Verarbeitung Ihrer Daten im Zusammenhang mit diesem Gewinnspiel Verantwortliche ist:<br data-start=\"2724\" data-end=\"2727\">LM Booking Agency \u2013 [Unternehmensadresse &amp; E-Mail einf\u00fcgen].<\/p>\n<p data-start=\"2784\" data-end=\"2872\"><span style=\"color: #dfa73e;\"><strong data-start=\"2784\" data-end=\"2805\">2. Erhobene Daten<\/strong><\/span><br data-start=\"2805\" data-end=\"2808\">Folgende personenbezogene Daten werden im Rahmen der Teilnahme erhoben:<\/p>\n<ul data-start=\"2873\" data-end=\"2943\">\n<li data-start=\"2873\" data-end=\"2881\">\n<p data-start=\"2875\" data-end=\"2881\">Name<\/p>\n<\/li>\n<li data-start=\"2882\" data-end=\"2899\">\n<p data-start=\"2884\" data-end=\"2899\">E-Mail-Adresse<\/p>\n<\/li>\n<li data-start=\"2900\" data-end=\"2921\">\n<p data-start=\"2902\" data-end=\"2921\">Wohnort<\/p>\n<\/li>\n<li data-start=\"2922\" data-end=\"2943\">\n<p data-start=\"2924\" data-end=\"2943\">Instagram account<\/p>\n<\/li>\n<\/ul>\n<p data-start=\"2945\" data-end=\"3011\"><span style=\"color: #dfa73e;\"><strong data-start=\"2945\" data-end=\"2973\">3.Zweck der Verarbeitung<br data-start=\"2973\" data-end=\"2976\"><\/strong><\/span>Die Daten werden ausschlie\u00dflich verwendet f\u00fcr:<\/p>\n<ul data-start=\"3012\" data-end=\"3138\">\n<li data-start=\"3012\" data-end=\"3046\">\n<p data-start=\"3014\" data-end=\"3046\">\u00dcberpr\u00fcfung der g\u00fcltigen Teilnahme,<\/p>\n<\/li>\n<li data-start=\"3047\" data-end=\"3073\">\n<p data-start=\"3049\" data-end=\"3073\">Kontaktierung des Gewinners,<\/p>\n<\/li>\n<li data-start=\"3074\" data-end=\"3138\">\n<p data-start=\"3076\" data-end=\"3138\">die Koordination des Gewinns (mit den Lux Diamonds Studios Mannheim).<\/p>\n<\/li>\n<\/ul>\n<p data-start=\"3140\" data-end=\"3269\"><span style=\"color: #dfa73e;\"><strong data-start=\"3140\" data-end=\"3158\">4.Rechtsgrundlage<\/strong><\/span><br data-start=\"3158\" data-end=\"3161\">Die Datenverarbeitung erfolgt auf Grundlage von Art. 6 Abs. 1 lit. b DSGVO (Vertragserf\u00fcllung) sowie Art. 6 Abs. 1 lit. a DSGVO (Einwilligung).<\/p>\n<p data-start=\"3271\" data-end=\"3463\"><span style=\"color: #dfa73e;\"><strong data-start=\"3271\" data-end=\"3290\">5. Datenweitergabe<br data-start=\"3290\" data-end=\"3293\"><\/strong><\/span>Ihre Daten werden nur dann an die Lux Diamonds Studios Mannheim weitergegeben, wenn dies f\u00fcr die Einl\u00f6sung des Gewinns erforderlich ist. Eine dar\u00fcberhinausgehende Weitergabe an Dritte erfolgt nicht. <\/p>\n<p data-start=\"3465\" data-end=\"3614\"><span style=\"color: #dfa73e;\"><strong data-start=\"3465\" data-end=\"3486\">6. Speicherdauer<\/strong><\/span><br data-start=\"3486\" data-end=\"3489\">Alle personenbezogenen Daten werden innerhalb von 30 Tagen nach Beendigung des Gewinnspiels gel\u00f6scht, sofern keine l\u00e4ngere Aufbewahrung gesetzlich vorgeschrieben ist.<\/p>\n<p data-start=\"3616\" data-end=\"3661\"><span style=\"color: #dfa73e;\"><strong data-start=\"3616\" data-end=\"3634\">7. Ihre Rechte<\/strong><\/span><br data-start=\"3634\" data-end=\"3637\">Sie haben das Recht auf:<\/p>\n<ul data-start=\"3662\" data-end=\"3819\">\n<li data-start=\"3662\" data-end=\"3712\">\n<p data-start=\"3664\" data-end=\"3712\">Auskunft \u00fcber Ihre personenbezogenen Daten sowie deren Berichtigung oder L\u00f6schung,<\/p>\n<\/li>\n<li data-start=\"3713\" data-end=\"3737\">\n<p data-start=\"3715\" data-end=\"3737\">Einschr\u00e4nkung der Verarbeitung,<\/p>\n<\/li>\n<li data-start=\"3738\" data-end=\"3763\">\n<p data-start=\"3740\" data-end=\"3763\">Widerspruch gegen die Verarbeitung,<\/p>\n<\/li>\n<li data-start=\"3764\" data-end=\"3785\">\n<p data-start=\"3766\" data-end=\"3785\">Daten\u00fcbertragbarkeit,<\/p>\n<\/li>\n<li data-start=\"3786\" data-end=\"3819\">\n<p data-start=\"3788\" data-end=\"3819\">Widerruf Ihrer Einwilligung jederzeit.<\/p>\n<\/li>\n<\/ul>\n<p data-start=\"3821\" data-end=\"3877\">Zur Aus\u00fcbung dieser Rechte kontaktieren Sie: <strong data-start=\"3856\" data-end=\"3874\"><a href=\"mailto:info@lm-booking.com\">info@lm-booking.com<\/a><\/strong>.<\/p>\n<p data-start=\"3879\" data-end=\"4002\"><span style=\"color: #dfa73e;\"><strong data-start=\"3879\" data-end=\"3907\">8. Aufsichtsbeh\u00f6rde<\/strong><\/span><\/p>\n<p data-start=\"3879\" data-end=\"4002\">Sie haben au\u00dferdem das Recht, eine Beschwerde bei einer Datenschutzaufsichtsbeh\u00f6rde einzureichen.<\/p>\n<hr data-start=\"4004\" data-end=\"4007\">\n<\/div><\/div><\/div><\/div><\/div><\/div><\/section>\n","protected":false},"excerpt":{"rendered":"Datenschutzerkl\u00e4rung \u2013 LM Booking-Gewinnspiel 1. VerantwortlicherDer f\u00fcr die Verarbeitung Ihrer Daten im Zusammenhang mit diesem Gewinnspiel Verantwortliche ist:LM Booking Agency \u2013 [Unternehmensadresse &amp; E-Mail einf\u00fcgen]. 2. Erhobene DatenFolgende personenbezogene Daten werden im Rahmen der Teilnahme erhoben: Name E-Mail-Adresse Wohnort Instagram account 3.Zweck der VerarbeitungDie Daten werden ausschlie\u00dflich verwendet f\u00fcr: \u00dcberpr\u00fcfung der g\u00fcltigen Teilnahme, Kontaktierung des...","protected":false},"author":3,"featured_media":0,"parent":0,"menu_order":0,"comment_status":"closed","ping_status":"closed","template":"","meta":{"_acf_changed":false,"footnotes":""},"class_list":["post-3519","page","type-page","status-publish","hentry"],"acf":[],"yoast_head":"<!-- This site is optimized with the Yoast SEO plugin v25.9 - https:\/\/yoast.com\/wordpress\/plugins\/seo\/ -->\n<title>Datenschutzerkl\u00e4rung \u2013 LM Booking - Luxdiamionds Studio Gewinnspiel - LM Booking Agency<\/title>\n<meta name=\"robots\" content=\"index, follow, max-snippet:-1, max-image-preview:large, max-video-preview:-1\" \/>\n<link rel=\"canonical\" href=\"https:\/\/lm-bookingagency.com\/de\/datenschutzerklaerung-lm-booking-gewinnspiel\/\" \/>\n<meta property=\"og:locale\" content=\"de_DE\" \/>\n<meta property=\"og:type\" content=\"article\" \/>\n<meta property=\"og:title\" content=\"Datenschutzerkl\u00e4rung \u2013 LM Booking - Luxdiamionds Studio Gewinnspiel - LM Booking Agency\" \/>\n<meta property=\"og:url\" content=\"https:\/\/lm-bookingagency.com\/de\/datenschutzerklaerung-lm-booking-gewinnspiel\/\" \/>\n<meta property=\"og:site_name\" content=\"LM Booking Agency\" \/>\n<meta property=\"article:modified_time\" content=\"2025-10-22T15:41:15+00:00\" \/>\n<meta name=\"twitter:card\" content=\"summary_large_image\" \/>\n<script type=\"application\/ld+json\" class=\"yoast-schema-graph\">{\"@context\":\"https:\/\/schema.org\",\"@graph\":[{\"@type\":\"WebPage\",\"@id\":\"https:\/\/lm-bookingagency.com\/de\/datenschutzerklaerung-lm-booking-gewinnspiel\/\",\"url\":\"https:\/\/lm-bookingagency.com\/de\/datenschutzerklaerung-lm-booking-gewinnspiel\/\",\"name\":\"Datenschutzerkl\u00e4rung \u2013 LM Booking - Luxdiamionds Studio Gewinnspiel - LM Booking Agency\",\"isPartOf\":{\"@id\":\"https:\/\/lm-bookingagency.com\/de\/#website\"},\"datePublished\":\"2025-08-17T23:13:43+00:00\",\"dateModified\":\"2025-10-22T15:41:15+00:00\",\"breadcrumb\":{\"@id\":\"https:\/\/lm-bookingagency.com\/de\/datenschutzerklaerung-lm-booking-gewinnspiel\/#breadcrumb\"},\"inLanguage\":\"de\",\"potentialAction\":[{\"@type\":\"ReadAction\",\"target\":[\"https:\/\/lm-bookingagency.com\/de\/datenschutzerklaerung-lm-booking-gewinnspiel\/\"]}]},{\"@type\":\"BreadcrumbList\",\"@id\":\"https:\/\/lm-bookingagency.com\/de\/datenschutzerklaerung-lm-booking-gewinnspiel\/#breadcrumb\",\"itemListElement\":[{\"@type\":\"ListItem\",\"position\":1,\"name\":\"Startseite\",\"item\":\"https:\/\/lm-bookingagency.com\/de\/\"},{\"@type\":\"ListItem\",\"position\":2,\"name\":\"Datenschutzerkl\u00e4rung \u2013 LM Booking &#8211; Luxdiamionds Studio Gewinnspiel\"}]},{\"@type\":\"WebSite\",\"@id\":\"https:\/\/lm-bookingagency.com\/de\/#website\",\"url\":\"https:\/\/lm-bookingagency.com\/de\/\",\"name\":\"LM Booking Agency\",\"description\":\"\",\"publisher\":{\"@id\":\"https:\/\/lm-bookingagency.com\/de\/#organization\"},\"potentialAction\":[{\"@type\":\"SearchAction\",\"target\":{\"@type\":\"EntryPoint\",\"urlTemplate\":\"https:\/\/lm-bookingagency.com\/de\/?s={search_term_string}\"},\"query-input\":{\"@type\":\"PropertyValueSpecification\",\"valueRequired\":true,\"valueName\":\"search_term_string\"}}],\"inLanguage\":\"de\"},{\"@type\":\"Organization\",\"@id\":\"https:\/\/lm-bookingagency.com\/de\/#organization\",\"name\":\"LM Booking Agency\",\"alternateName\":\"LM\",\"url\":\"https:\/\/lm-bookingagency.com\/de\/\",\"logo\":{\"@type\":\"ImageObject\",\"inLanguage\":\"de\",\"@id\":\"https:\/\/lm-bookingagency.com\/de\/#\/schema\/logo\/image\/\",\"url\":\"\",\"contentUrl\":\"\",\"caption\":\"LM Booking Agency\"},\"image\":{\"@id\":\"https:\/\/lm-bookingagency.com\/de\/#\/schema\/logo\/image\/\"}}]}<\/script>\n<!-- \/ Yoast SEO plugin. -->","yoast_head_json":{"title":"Datenschutzerkl\u00e4rung \u2013 LM Booking - Luxdiamionds Studio Gewinnspiel - LM Booking Agency","robots":{"index":"index","follow":"follow","max-snippet":"max-snippet:-1","max-image-preview":"max-image-preview:large","max-video-preview":"max-video-preview:-1"},"canonical":"https:\/\/lm-bookingagency.com\/de\/datenschutzerklaerung-lm-booking-gewinnspiel\/","og_locale":"de_DE","og_type":"article","og_title":"Datenschutzerkl\u00e4rung \u2013 LM Booking - Luxdiamionds Studio Gewinnspiel - LM Booking Agency","og_url":"https:\/\/lm-bookingagency.com\/de\/datenschutzerklaerung-lm-booking-gewinnspiel\/","og_site_name":"LM Booking Agency","article_modified_time":"2025-10-22T15:41:15+00:00","twitter_card":"summary_large_image","schema":{"@context":"https:\/\/schema.org","@graph":[{"@type":"WebPage","@id":"https:\/\/lm-bookingagency.com\/de\/datenschutzerklaerung-lm-booking-gewinnspiel\/","url":"https:\/\/lm-bookingagency.com\/de\/datenschutzerklaerung-lm-booking-gewinnspiel\/","name":"Datenschutzerkl\u00e4rung \u2013 LM Booking - Luxdiamionds Studio Gewinnspiel - LM Booking Agency","isPartOf":{"@id":"https:\/\/lm-bookingagency.com\/de\/#website"},"datePublished":"2025-08-17T23:13:43+00:00","dateModified":"2025-10-22T15:41:15+00:00","breadcrumb":{"@id":"https:\/\/lm-bookingagency.com\/de\/datenschutzerklaerung-lm-booking-gewinnspiel\/#breadcrumb"},"inLanguage":"de","potentialAction":[{"@type":"ReadAction","target":["https:\/\/lm-bookingagency.com\/de\/datenschutzerklaerung-lm-booking-gewinnspiel\/"]}]},{"@type":"BreadcrumbList","@id":"https:\/\/lm-bookingagency.com\/de\/datenschutzerklaerung-lm-booking-gewinnspiel\/#breadcrumb","itemListElement":[{"@type":"ListItem","position":1,"name":"Startseite","item":"https:\/\/lm-bookingagency.com\/de\/"},{"@type":"ListItem","position":2,"name":"Datenschutzerkl\u00e4rung \u2013 LM Booking &#8211; Luxdiamionds Studio Gewinnspiel"}]},{"@type":"WebSite","@id":"https:\/\/lm-bookingagency.com\/de\/#website","url":"https:\/\/lm-bookingagency.com\/de\/","name":"LM Booking Agency","description":"","publisher":{"@id":"https:\/\/lm-bookingagency.com\/de\/#organization"},"potentialAction":[{"@type":"SearchAction","target":{"@type":"EntryPoint","urlTemplate":"https:\/\/lm-bookingagency.com\/de\/?s={search_term_string}"},"query-input":{"@type":"PropertyValueSpecification","valueRequired":true,"valueName":"search_term_string"}}],"inLanguage":"de"},{"@type":"Organization","@id":"https:\/\/lm-bookingagency.com\/de\/#organization","name":"LM Booking Agency","alternateName":"LM","url":"https:\/\/lm-bookingagency.com\/de\/","logo":{"@type":"ImageObject","inLanguage":"de","@id":"https:\/\/lm-bookingagency.com\/de\/#\/schema\/logo\/image\/","url":"","contentUrl":"","caption":"LM Booking Agency"},"image":{"@id":"https:\/\/lm-bookingagency.com\/de\/#\/schema\/logo\/image\/"}}]}},"_links":{"self":[{"href":"https:\/\/lm-bookingagency.com\/de\/wp-json\/wp\/v2\/pages\/3519","targetHints":{"allow":["GET"]}}],"collection":[{"href":"https:\/\/lm-bookingagency.com\/de\/wp-json\/wp\/v2\/pages"}],"about":[{"href":"https:\/\/lm-bookingagency.com\/de\/wp-json\/wp\/v2\/types\/page"}],"author":[{"embeddable":true,"href":"https:\/\/lm-bookingagency.com\/de\/wp-json\/wp\/v2\/users\/3"}],"replies":[{"embeddable":true,"href":"https:\/\/lm-bookingagency.com\/de\/wp-json\/wp\/v2\/comments?post=3519"}],"version-history":[{"count":6,"href":"https:\/\/lm-bookingagency.com\/de\/wp-json\/wp\/v2\/pages\/3519\/revisions"}],"predecessor-version":[{"id":4116,"href":"https:\/\/lm-bookingagency.com\/de\/wp-json\/wp\/v2\/pages\/3519\/revisions\/4116"}],"wp:attachment":[{"href":"https:\/\/lm-bookingagency.com\/de\/wp-json\/wp\/v2\/media?parent=3519"}],"curies":[{"name":"wp","href":"https:\/\/api.w.org\/{rel}","templated":true}]}}