{"id":3516,"date":"2025-08-18T01:03:43","date_gmt":"2025-08-17T23:03:43","guid":{"rendered":"https:\/\/lm-bookingagency.com\/allgemeine-geschaeftsbedingungen-lm-booking-gewinnspiel\/"},"modified":"2025-10-22T17:31:36","modified_gmt":"2025-10-22T15:31:36","slug":"allgemeine-geschaeftsbedingungen-lm-booking-gewinnspiel","status":"publish","type":"page","link":"https:\/\/lm-bookingagency.com\/de\/allgemeine-geschaeftsbedingungen-lm-booking-gewinnspiel\/","title":{"rendered":"Allgemeine Gesch\u00e4ftsbedingungen \u2013 LM Booking-Luxdiamonds Studio Gewinnspiel"},"content":{"rendered":"<section class=\"l-section wpb_row height_medium\"><div class=\"l-section-h i-cf\"><div class=\"g-cols vc_row via_grid cols_1 laptops-cols_inherit tablets-cols_inherit mobiles-cols_1 valign_top type_default stacking_default\"><div class=\"wpb_column vc_column_container\"><div class=\"vc_column-inner\"><div class=\"wpb_text_column\"><div class=\"wpb_wrapper\"><h1>\ud83d\udcdc Allgemeine Gesch\u00e4ftsbedingungen \u2013 LM Booking-Gewinnspiel<\/h1>\n<\/div><\/div><div class=\"w-separator size_medium with_line width_default thick_1 style_solid color_border align_center\"><div class=\"w-separator-h\"><\/div><\/div><div class=\"wpb_text_column\"><div class=\"wpb_wrapper\"><p data-start=\"334\" data-end=\"476\"><span style=\"color: #dfa73e;\"><strong data-start=\"334\" data-end=\"350\">1. Veranstalter<\/strong><\/span><br data-start=\"350\" data-end=\"353\">Das Gewinnspiel wird von <span style=\"color: #dfa73e;\"><strong data-start=\"383\" data-end=\"404\">LM Booking Agency<\/strong><\/span> in Zusammenarbeit mit den<span style=\"color: #dfa73e;\"><strong data-start=\"426\" data-end=\"459\"> Lux Diamonds Studios Mannheim<\/strong><\/span>(\u201eVeranstalter\u201c) organisiert.<\/p>\n<p data-start=\"478\" data-end=\"741\"><span style=\"color: #dfa73e;\"><strong data-start=\"478\" data-end=\"496\">2. Teilnahmeberechtigung<\/strong><\/span><br data-start=\"496\" data-end=\"499\">Teilnahmeberechtigt sind alle Personen ab 18 Jahren mit dauerhaftem Wohnsitz in Deutschland, \u00d6sterreich oder der Schweiz. Mitarbeiter von LM Booking oder den Lux Diamonds Studios sowie deren Angeh\u00f6rige sind von der Teilnahme ausgeschlossen. <\/p>\n<p data-start=\"743\" data-end=\"809\"><span style=\"color: #dfa73e;\"><strong data-start=\"743\" data-end=\"763\">3. Teilnahme<\/strong><\/span><br data-start=\"763\" data-end=\"766\">Um am Gewinnspiel teilzunehmen, m\u00fcssen die Teilnehmer:<\/p>\n<ul data-start=\"810\" data-end=\"1217\">\n<li data-start=\"810\" data-end=\"911\">\n<p data-start=\"812\" data-end=\"911\">Das offizielle Teilnahmeformular auf der LM Booking Website ausf\u00fcllen<span style=\"color: #dfa73e;\"> (Name, E-Mail, Stadt, Instagram-Handle).<\/span><\/p>\n<\/li>\n<li data-start=\"912\" data-end=\"1217\">\n<p data-start=\"914\" data-end=\"954\">F\u00fchren Sie alle erforderlichen Instagram-Schritte durch:<\/p>\n<ol data-start=\"957\" data-end=\"1217\">\n<li data-start=\"957\" data-end=\"1068\">\n<p data-start=\"960\" data-end=\"1068\">Folge <span style=\"color: #dfa73e;\"><strong data-start=\"967\" data-end=\"987\">@lmbookingagency<\/strong>,<\/span> <strong data-start=\"989\" data-end=\"1010\"><span style=\"color: #dfa73e;\">@lmbookingstudios<\/span><\/strong>, <span style=\"color: #dfa73e;\"><strong data-start=\"1012\" data-end=\"1036\">@lmbookingstudios_de<\/strong>,<\/span> und <span style=\"color: #dfa73e;\"><strong data-start=\"1042\" data-end=\"1065\">@luxdiamondsstudios<\/strong>.<\/span><\/p>\n<\/li>\n<li data-start=\"1071\" data-end=\"1108\">\n<p data-start=\"1074\" data-end=\"1108\">Like den offiziellen Gewinnspiel-Beitrag.<\/p>\n<\/li>\n<li data-start=\"1111\" data-end=\"1156\">\n<p data-start=\"1114\" data-end=\"1156\">Teile den Beitrag in deiner Instagram-Story.<\/p>\n<\/li>\n<li data-start=\"1159\" data-end=\"1217\">\n<p data-start=\"1162\" data-end=\"1217\">Markiere zwei Freunde in den Kommentaren des Giveaway-Posts.<\/p>\n<\/li>\n<\/ol>\n<\/li>\n<\/ul>\n<p data-start=\"1219\" data-end=\"1253\">Die Teilnahme ist kostenlos.<\/p>\n<p data-start=\"1255\" data-end=\"1294\"><span style=\"color: #dfa73e;\"><strong data-start=\"1255\" data-end=\"1267\">4. Preis<\/strong><\/span><br data-start=\"1267\" data-end=\"1270\">Der Preis umfasst:<\/p>\n<ul data-start=\"1295\" data-end=\"1591\">\n<li data-start=\"1295\" data-end=\"1377\">\n<p data-start=\"1297\" data-end=\"1377\">Eine komplette Studio-Session im <span style=\"color: #dfa73e;\"><strong data-start=\"1328\" data-end=\"1341\">Blue Room<\/strong><\/span> der <span style=\"color: #dfa73e;\"><strong>Lux Diamonds Studios<\/strong> <strong>Mannheim<\/strong>.<\/span><\/p>\n<\/li>\n<li data-start=\"1378\" data-end=\"1448\">\n<p data-start=\"1380\" data-end=\"1448\">Anleitung und Unterst\u00fctzung durch professionelle Produzenten w\u00e4hrend der session.<\/p>\n<\/li>\n<li data-start=\"1449\" data-end=\"1482\">\n<p data-start=\"1451\" data-end=\"1482\">Aufnahme eines kompletten Songs.<\/p>\n<\/li>\n<li data-start=\"1483\" data-end=\"1591\">\n<p data-start=\"1485\" data-end=\"1591\">Die M\u00f6glichkeit, den fertigen Song vor der Kamera aufzuf\u00fchren, wobei das Videomaterial f\u00fcr Werbezwecke zur Verf\u00fcgung gestellt wird.<\/p>\n<\/li>\n<\/ul>\n<p data-start=\"1593\" data-end=\"1675\">Der Preis ist nicht \u00fcbertragbar, nicht umtauschbar und kann nicht in bar ausgezahlt werden.<\/p>\n<p data-start=\"1677\" data-end=\"1792\"><span style=\"color: #dfa73e;\"><strong data-start=\"1677\" data-end=\"1708\">5. Dauer des Gewinnspiels<\/strong><\/span><br data-start=\"1708\" data-end=\"1711\">Das Gewinnspiel beginnt am <span style=\"color: #dfa73e;\">[<strong data-start=\"1734\" data-end=\"1750\">Startdatum<\/strong>] <\/span>und endet am <span style=\"color: #dfa73e;\">[<strong data-start=\"1763\" data-end=\"1777\">Enddatum<\/strong>] <\/span>(23:59 Uhr CET).<\/p>\n<p data-start=\"1794\" data-end=\"2028\"><span style=\"color: #dfa73e;\"><strong data-start=\"1794\" data-end=\"1824\">6. Auswahl des Gewinners<\/strong><\/span><br data-start=\"1824\" data-end=\"1827\">Der Gewinner wird nach Beendigung des Gewinnspiels per Zufallsprinzip aus allen g\u00fcltigen Einsendungen ausgew\u00e4hlt.<br data-start=\"1909\" data-end=\"1912\">Der Gewinner wird per E-Mail benachrichtigt. Erfolgt innerhalb von 7 Tagen keine R\u00fcckmeldung, wird ein neuer Gewinner ausgew\u00e4hlt. <\/p>\n<p data-start=\"2030\" data-end=\"2291\"><span style=\"color: #dfa73e;\"><strong data-start=\"2030\" data-end=\"2046\">7. Haftung<\/strong><\/span><br data-start=\"2046\" data-end=\"2049\">Der Veranstalter haftet nicht f\u00fcr technische Probleme (z. B. \u00dcbertragungsfehler, Serverausf\u00e4lle), die eine Teilnahme verhindern. Der Veranstalter \u00fcbernimmt au\u00dferdem keine Haftung f\u00fcr Ausf\u00e4lle, Verz\u00f6gerungen oder \u00c4nderungen des Gewinns, die au\u00dferhalb seines Einflussbereichs liegen. <\/p>\n<p data-start=\"2293\" data-end=\"2488\"><span style=\"color: #dfa73e;\"><strong data-start=\"2293\" data-end=\"2309\">8. Haftung<\/strong><\/span><br data-start=\"2309\" data-end=\"2312\">Der Veranstalter haftet nicht f\u00fcr technische Probleme (z. B. \u00dcbertragungsfehler, Serverausf\u00e4lle), die eine Teilnahme verhindern. Der Veranstalter \u00fcbernimmt au\u00dferdem keine Haftung f\u00fcr Ausf\u00e4lle, Verz\u00f6gerungen oder \u00c4nderungen des Gewinns, die au\u00dferhalb seines Einflussbereichs liegen.<\/p>\n<p data-start=\"2490\" data-end=\"2563\"><span style=\"color: #dfa73e;\"><strong data-start=\"2490\" data-end=\"2511\">9. Rechtsweg<\/strong><\/span><br data-start=\"2511\" data-end=\"2514\">Der Rechtsweg ist ausgeschlossen. Es gilt deutsches Recht. <\/p>\n<p data-start=\"2490\" data-end=\"2563\"><span style=\"color: #dfa73e;\"><strong>10. Nutzungsrechte<\/strong><\/span><br \/>Mit der Teilnahme an diesem Gewinnspiel erkl\u00e4rt sich der Gewinner damit einverstanden, dass die LM Booking Agency und die Lux Diamonds Studios Mannheim w\u00e4hrend der Studiosession Foto- und Videomaterial aufnehmen und dieses zu Werbe- und Gesch\u00e4ftszwecken verwenden d\u00fcrfen.<br \/>Dies umfasst unter anderem die Ver\u00f6ffentlichung auf Websites, in sozialen Medien (einschlie\u00dflich monetarisierter Plattformen wie YouTube), in Werbekampagnen sowie in weiteren Marketingmaterialien von LM Booking und den Lux Diamonds Studios.<br \/>F\u00fcr eine solche Nutzung wird keine finanzielle Verg\u00fctung gew\u00e4hrt. Der Gewinner r\u00e4umt der LM Booking Agency und den Lux Diamonds Studios ein zeitlich unbegrenztes, weltweites, lizenzfreies Nutzungsrecht an dem Video- und Fotomaterial ein.<br \/>Der Gewinner beh\u00e4lt das uneingeschr\u00e4nkte Eigentum an der w\u00e4hrend der Session erstellten Musik. Jegliche kommerzielle Ver\u00f6ffentlichung oder Monetarisierung des Songs selbst bleibt ausschlie\u00dfliches Recht des Gewinners.  <\/p>\n<\/div><\/div><\/div><\/div><\/div><\/div><\/section>\n","protected":false},"excerpt":{"rendered":"\ud83d\udcdc Allgemeine Gesch\u00e4ftsbedingungen \u2013 LM Booking-Gewinnspiel 1. VeranstalterDas Gewinnspiel wird von LM Booking Agency in Zusammenarbeit mit den Lux Diamonds Studios Mannheim(\u201eVeranstalter\u201c) organisiert. 2. TeilnahmeberechtigungTeilnahmeberechtigt sind alle Personen ab 18 Jahren mit dauerhaftem Wohnsitz in Deutschland, \u00d6sterreich oder der Schweiz. Mitarbeiter von LM Booking oder den Lux Diamonds Studios sowie deren Angeh\u00f6rige sind von der...","protected":false},"author":3,"featured_media":0,"parent":0,"menu_order":0,"comment_status":"closed","ping_status":"closed","template":"","meta":{"_acf_changed":false,"footnotes":""},"class_list":["post-3516","page","type-page","status-publish","hentry"],"acf":[],"yoast_head":"<!-- This site is optimized with the Yoast SEO plugin v25.9 - https:\/\/yoast.com\/wordpress\/plugins\/seo\/ -->\n<title>Allgemeine Gesch\u00e4ftsbedingungen \u2013 LM Booking-Luxdiamonds Studio Gewinnspiel - LM Booking Agency<\/title>\n<meta name=\"robots\" content=\"index, follow, max-snippet:-1, max-image-preview:large, max-video-preview:-1\" \/>\n<link rel=\"canonical\" href=\"https:\/\/lm-bookingagency.com\/de\/allgemeine-geschaeftsbedingungen-lm-booking-gewinnspiel\/\" \/>\n<meta property=\"og:locale\" content=\"de_DE\" \/>\n<meta property=\"og:type\" content=\"article\" \/>\n<meta property=\"og:title\" content=\"Allgemeine Gesch\u00e4ftsbedingungen \u2013 LM Booking-Luxdiamonds Studio Gewinnspiel - LM Booking Agency\" \/>\n<meta property=\"og:url\" content=\"https:\/\/lm-bookingagency.com\/de\/allgemeine-geschaeftsbedingungen-lm-booking-gewinnspiel\/\" \/>\n<meta property=\"og:site_name\" content=\"LM Booking Agency\" \/>\n<meta property=\"article:modified_time\" content=\"2025-10-22T15:31:36+00:00\" \/>\n<meta name=\"twitter:card\" content=\"summary_large_image\" \/>\n<script type=\"application\/ld+json\" class=\"yoast-schema-graph\">{\"@context\":\"https:\/\/schema.org\",\"@graph\":[{\"@type\":\"WebPage\",\"@id\":\"https:\/\/lm-bookingagency.com\/de\/allgemeine-geschaeftsbedingungen-lm-booking-gewinnspiel\/\",\"url\":\"https:\/\/lm-bookingagency.com\/de\/allgemeine-geschaeftsbedingungen-lm-booking-gewinnspiel\/\",\"name\":\"Allgemeine Gesch\u00e4ftsbedingungen \u2013 LM Booking-Luxdiamonds Studio Gewinnspiel - LM Booking Agency\",\"isPartOf\":{\"@id\":\"https:\/\/lm-bookingagency.com\/de\/#website\"},\"datePublished\":\"2025-08-17T23:03:43+00:00\",\"dateModified\":\"2025-10-22T15:31:36+00:00\",\"breadcrumb\":{\"@id\":\"https:\/\/lm-bookingagency.com\/de\/allgemeine-geschaeftsbedingungen-lm-booking-gewinnspiel\/#breadcrumb\"},\"inLanguage\":\"de\",\"potentialAction\":[{\"@type\":\"ReadAction\",\"target\":[\"https:\/\/lm-bookingagency.com\/de\/allgemeine-geschaeftsbedingungen-lm-booking-gewinnspiel\/\"]}]},{\"@type\":\"BreadcrumbList\",\"@id\":\"https:\/\/lm-bookingagency.com\/de\/allgemeine-geschaeftsbedingungen-lm-booking-gewinnspiel\/#breadcrumb\",\"itemListElement\":[{\"@type\":\"ListItem\",\"position\":1,\"name\":\"Startseite\",\"item\":\"https:\/\/lm-bookingagency.com\/de\/\"},{\"@type\":\"ListItem\",\"position\":2,\"name\":\"Allgemeine Gesch\u00e4ftsbedingungen \u2013 LM Booking-Luxdiamonds Studio Gewinnspiel\"}]},{\"@type\":\"WebSite\",\"@id\":\"https:\/\/lm-bookingagency.com\/de\/#website\",\"url\":\"https:\/\/lm-bookingagency.com\/de\/\",\"name\":\"LM Booking Agency\",\"description\":\"\",\"publisher\":{\"@id\":\"https:\/\/lm-bookingagency.com\/de\/#organization\"},\"potentialAction\":[{\"@type\":\"SearchAction\",\"target\":{\"@type\":\"EntryPoint\",\"urlTemplate\":\"https:\/\/lm-bookingagency.com\/de\/?s={search_term_string}\"},\"query-input\":{\"@type\":\"PropertyValueSpecification\",\"valueRequired\":true,\"valueName\":\"search_term_string\"}}],\"inLanguage\":\"de\"},{\"@type\":\"Organization\",\"@id\":\"https:\/\/lm-bookingagency.com\/de\/#organization\",\"name\":\"LM Booking Agency\",\"alternateName\":\"LM\",\"url\":\"https:\/\/lm-bookingagency.com\/de\/\",\"logo\":{\"@type\":\"ImageObject\",\"inLanguage\":\"de\",\"@id\":\"https:\/\/lm-bookingagency.com\/de\/#\/schema\/logo\/image\/\",\"url\":\"\",\"contentUrl\":\"\",\"caption\":\"LM Booking Agency\"},\"image\":{\"@id\":\"https:\/\/lm-bookingagency.com\/de\/#\/schema\/logo\/image\/\"}}]}<\/script>\n<!-- \/ Yoast SEO plugin. -->","yoast_head_json":{"title":"Allgemeine Gesch\u00e4ftsbedingungen \u2013 LM Booking-Luxdiamonds Studio Gewinnspiel - LM Booking Agency","robots":{"index":"index","follow":"follow","max-snippet":"max-snippet:-1","max-image-preview":"max-image-preview:large","max-video-preview":"max-video-preview:-1"},"canonical":"https:\/\/lm-bookingagency.com\/de\/allgemeine-geschaeftsbedingungen-lm-booking-gewinnspiel\/","og_locale":"de_DE","og_type":"article","og_title":"Allgemeine Gesch\u00e4ftsbedingungen \u2013 LM Booking-Luxdiamonds Studio Gewinnspiel - LM Booking Agency","og_url":"https:\/\/lm-bookingagency.com\/de\/allgemeine-geschaeftsbedingungen-lm-booking-gewinnspiel\/","og_site_name":"LM Booking Agency","article_modified_time":"2025-10-22T15:31:36+00:00","twitter_card":"summary_large_image","schema":{"@context":"https:\/\/schema.org","@graph":[{"@type":"WebPage","@id":"https:\/\/lm-bookingagency.com\/de\/allgemeine-geschaeftsbedingungen-lm-booking-gewinnspiel\/","url":"https:\/\/lm-bookingagency.com\/de\/allgemeine-geschaeftsbedingungen-lm-booking-gewinnspiel\/","name":"Allgemeine Gesch\u00e4ftsbedingungen \u2013 LM Booking-Luxdiamonds Studio Gewinnspiel - LM Booking Agency","isPartOf":{"@id":"https:\/\/lm-bookingagency.com\/de\/#website"},"datePublished":"2025-08-17T23:03:43+00:00","dateModified":"2025-10-22T15:31:36+00:00","breadcrumb":{"@id":"https:\/\/lm-bookingagency.com\/de\/allgemeine-geschaeftsbedingungen-lm-booking-gewinnspiel\/#breadcrumb"},"inLanguage":"de","potentialAction":[{"@type":"ReadAction","target":["https:\/\/lm-bookingagency.com\/de\/allgemeine-geschaeftsbedingungen-lm-booking-gewinnspiel\/"]}]},{"@type":"BreadcrumbList","@id":"https:\/\/lm-bookingagency.com\/de\/allgemeine-geschaeftsbedingungen-lm-booking-gewinnspiel\/#breadcrumb","itemListElement":[{"@type":"ListItem","position":1,"name":"Startseite","item":"https:\/\/lm-bookingagency.com\/de\/"},{"@type":"ListItem","position":2,"name":"Allgemeine Gesch\u00e4ftsbedingungen \u2013 LM Booking-Luxdiamonds Studio Gewinnspiel"}]},{"@type":"WebSite","@id":"https:\/\/lm-bookingagency.com\/de\/#website","url":"https:\/\/lm-bookingagency.com\/de\/","name":"LM Booking Agency","description":"","publisher":{"@id":"https:\/\/lm-bookingagency.com\/de\/#organization"},"potentialAction":[{"@type":"SearchAction","target":{"@type":"EntryPoint","urlTemplate":"https:\/\/lm-bookingagency.com\/de\/?s={search_term_string}"},"query-input":{"@type":"PropertyValueSpecification","valueRequired":true,"valueName":"search_term_string"}}],"inLanguage":"de"},{"@type":"Organization","@id":"https:\/\/lm-bookingagency.com\/de\/#organization","name":"LM Booking Agency","alternateName":"LM","url":"https:\/\/lm-bookingagency.com\/de\/","logo":{"@type":"ImageObject","inLanguage":"de","@id":"https:\/\/lm-bookingagency.com\/de\/#\/schema\/logo\/image\/","url":"","contentUrl":"","caption":"LM Booking Agency"},"image":{"@id":"https:\/\/lm-bookingagency.com\/de\/#\/schema\/logo\/image\/"}}]}},"_links":{"self":[{"href":"https:\/\/lm-bookingagency.com\/de\/wp-json\/wp\/v2\/pages\/3516","targetHints":{"allow":["GET"]}}],"collection":[{"href":"https:\/\/lm-bookingagency.com\/de\/wp-json\/wp\/v2\/pages"}],"about":[{"href":"https:\/\/lm-bookingagency.com\/de\/wp-json\/wp\/v2\/types\/page"}],"author":[{"embeddable":true,"href":"https:\/\/lm-bookingagency.com\/de\/wp-json\/wp\/v2\/users\/3"}],"replies":[{"embeddable":true,"href":"https:\/\/lm-bookingagency.com\/de\/wp-json\/wp\/v2\/comments?post=3516"}],"version-history":[{"count":7,"href":"https:\/\/lm-bookingagency.com\/de\/wp-json\/wp\/v2\/pages\/3516\/revisions"}],"predecessor-version":[{"id":4109,"href":"https:\/\/lm-bookingagency.com\/de\/wp-json\/wp\/v2\/pages\/3516\/revisions\/4109"}],"wp:attachment":[{"href":"https:\/\/lm-bookingagency.com\/de\/wp-json\/wp\/v2\/media?parent=3516"}],"curies":[{"name":"wp","href":"https:\/\/api.w.org\/{rel}","templated":true}]}}