{"id":3352,"date":"2025-03-23T17:43:33","date_gmt":"2025-03-23T16:43:33","guid":{"rendered":"https:\/\/lm-bookingagency.com\/lm-booking-haeufig-gestellte-fragen-faq\/"},"modified":"2025-12-28T17:56:55","modified_gmt":"2025-12-28T16:56:55","slug":"lm-booking-haeufig-gestellte-fragen-faq","status":"publish","type":"page","link":"https:\/\/lm-bookingagency.com\/de\/lm-booking-haeufig-gestellte-fragen-faq\/","title":{"rendered":"LM Booking \u2013 H\u00e4ufig gestellte Fragen (FAQ)"},"content":{"rendered":"<section class=\"l-section wpb_row us_custom_c70c97eb height_medium\"><div class=\"l-section-h i-cf\"><div class=\"g-cols vc_row via_grid cols_1 laptops-cols_1 tablets-cols_1 mobiles-cols_1 valign_top type_default stacking_default\"><div class=\"wpb_column vc_column_container\"><div class=\"vc_column-inner\"><h2 data-us-scroll=\"{&quot;from_initial_position&quot;:&quot;0&quot;,&quot;start_position&quot;:&quot;0%&quot;,&quot;end_position&quot;:&quot;100%&quot;,&quot;delay&quot;:&quot;0.1s&quot;}\" class=\"w-text us_custom_a0a6b904 has_scroll_effects\"><span class=\"w-text-h\"><span class=\"w-text-value\">LM Booking \u2013 H\u00e4ufig gestellte Fragen (FAQ)<\/span><\/span><\/h2><div class=\"w-separator size_medium\"><\/div><div class=\"g-cols wpb_row via_grid cols_3-2 laptops-cols_2 tablets-cols_1 mobiles-cols_1 valign_top type_default stacking_default\" style=\"--columns-gap:3rem;\"><div class=\"wpb_column vc_column_container\"><div class=\"vc_column-inner\"><div class=\"w-tabs style_default switch_click accordion remove_indents\"><div class=\"w-tabs-sections titles-align_none icon_triangle cpos_right\"><div class=\"w-tabs-section\" id=\"nf07\"><button class=\"w-tabs-section-header\" aria-controls=\"content-nf07\" aria-expanded=\"false\"><h6 class=\"w-tabs-section-title\">1. Was ist LM Booking?<\/h6><div class=\"w-tabs-section-control\"><\/div><\/button><div  class=\"w-tabs-section-content\" id=\"content-nf07\"><div class=\"w-tabs-section-content-h i-cf\"><div class=\"wpb_text_column\"><div class=\"wpb_wrapper\"><div class=\"flex max-w-full flex-col flex-grow\">\n<div class=\"min-h-8 text-message relative flex w-full flex-col items-end gap-2 whitespace-normal break-words text-start &#091;.text-message+&amp;&#093;:mt-5\" dir=\"auto\" data-message-author-role=\"assistant\" data-message-id=\"6a796178-4a60-4798-9226-7f83d0859346\" data-message-model-slug=\"gpt-4o\">\n<div class=\"flex w-full flex-col gap-1 empty:hidden first:pt-&#091;3px&#093;\">\n<div class=\"markdown prose w-full break-words dark:prose-invert light\">\n<p class=\"\" data-start=\"0\" data-end=\"310\">LM Booking ist eine Plattform, die Musiker, Produzenten, Kreative und Talente mit professionellen Tonstudios und anderen kreativen R\u00e4umen zusammenbringt. In Zukunft werden wir auch DJs, weitere Talente und zus\u00e4tzliche kreative R\u00e4ume hinzuf\u00fcgen, um eine noch gr\u00f6\u00dfere Vielfalt zu bieten und den vielf\u00e4ltigen Anforderungen Deiner Projekte besser gerecht zu werden. <\/p>\n<\/div>\n<\/div>\n<\/div>\n<\/div>\n<\/div><\/div><\/div><\/div><\/div><div class=\"w-tabs-section\" id=\"f25b\"><button class=\"w-tabs-section-header\" aria-controls=\"content-f25b\" aria-expanded=\"false\"><h6 class=\"w-tabs-section-title\">2. Wie funktioniert LM Booking?<\/h6><div class=\"w-tabs-section-control\"><\/div><\/button><div  class=\"w-tabs-section-content\" id=\"content-f25b\"><div class=\"w-tabs-section-content-h i-cf\"><div class=\"wpb_text_column\"><div class=\"wpb_wrapper\"><div class=\"flex max-w-full flex-col flex-grow\">\n<div class=\"min-h-8 text-message relative flex w-full flex-col items-end gap-2 whitespace-normal break-words text-start &#091;.text-message+&amp;&#093;:mt-5\" dir=\"auto\" data-message-author-role=\"assistant\" data-message-id=\"f7b5bedb-37ec-465a-8ed9-e88e81b9c5ad\" data-message-model-slug=\"gpt-4o\">\n<div class=\"flex w-full flex-col gap-1 empty:hidden first:pt-&#091;3px&#093;\">\n<div class=\"markdown prose w-full break-words dark:prose-invert light\">\n<ul data-start=\"0\" data-end=\"496\" data-is-last-node=\"\" data-is-only-node=\"\">\n<li class=\"\" data-start=\"0\" data-end=\"89\">\n<p class=\"\" data-start=\"2\" data-end=\"89\"><span style=\"color: #dfa73e;\"><strong>W\u00e4hle ein Studio<\/strong>:<\/span> Durchsuche unsere Plattform und entscheide Dich f\u00fcr das Studio, das am Besten zu Deinen Bed\u00fcrfnissen passt.<\/p>\n<\/li>\n<li class=\"\" data-start=\"91\" data-end=\"219\">\n<p class=\"\" data-start=\"93\" data-end=\"219\"><span style=\"color: #dfa73e;\"><strong>W\u00e4hle Dauer &amp; Paket<\/strong>:<\/span> Entscheide, wie lange Du das Studio nutzen m\u00f6chtest, und w\u00e4hle ein Paket, das zu Dir passt (<em>Beginner, Newcomer, Professional<\/em>).<\/p>\n<\/li>\n<li class=\"\" data-start=\"221\" data-end=\"336\">\n<p class=\"\" data-start=\"223\" data-end=\"336\"><span style=\"color: #dfa73e;\"><strong>Reservierungsgeb\u00fchr zahlen<\/strong>:<\/span> Best\u00e4tige Deine Buchung, indem Du eine Reservierungsgeb\u00fchr von 15 % \u00fcber einen sicheren Stripe-Zahlungslink bezahlst.<\/p>\n<\/li>\n<li class=\"\" data-start=\"338\" data-end=\"496\">\n<p class=\"\" data-start=\"340\" data-end=\"496\"><span style=\"color: #dfa73e;\"><strong>Restbetrag zahlen<\/strong>:<\/span> Begleiche den verbleibenden Betrag direkt im Studio, entweder in bar oder per Karte, je nach den akzeptierten Zahlungsmethoden des Studios.<\/p>\n<\/li>\n<\/ul>\n<\/div>\n<\/div>\n<\/div>\n<\/div>\n<div class=\"mb-2 flex gap-3 -ml-2\">\n<div class=\"flex items-center justify-start rounded-xl p-1\">\n<div>\u00a0<\/div>\n<\/div>\n<\/div>\n<\/div><\/div><\/div><\/div><\/div><div class=\"w-tabs-section\" id=\"r3c1\"><button class=\"w-tabs-section-header\" aria-controls=\"content-r3c1\" aria-expanded=\"false\"><h6 class=\"w-tabs-section-title\">3. Ben\u00f6tige ich ein Konto, um zu buchen?<\/h6><div class=\"w-tabs-section-control\"><\/div><\/button><div  class=\"w-tabs-section-content\" id=\"content-r3c1\"><div class=\"w-tabs-section-content-h i-cf\"><div class=\"wpb_text_column\"><div class=\"wpb_wrapper\"><p><span style=\"color: #dfa73e;\"><strong data-start=\"2\" data-end=\"25\" data-is-only-node=\"\">Kein Konto erforderlich<\/strong>:<\/span> Du musst kein Konto erstellen, um ein Studio zu buchen. Alle Buchungsdetails einschlie\u00dflich der Best\u00e4tigung erh\u00e4ltst Du direkt per E-Mail.<\/p>\n<\/div><\/div><\/div><\/div><\/div><div class=\"w-tabs-section\" id=\"u4df\"><button class=\"w-tabs-section-header\" aria-controls=\"content-u4df\" aria-expanded=\"false\"><h6 class=\"w-tabs-section-title\">4. Wie kann ich mein Studio bei LM Booking listen?<\/h6><div class=\"w-tabs-section-control\"><\/div><\/button><div  class=\"w-tabs-section-content\" id=\"content-u4df\"><div class=\"w-tabs-section-content-h i-cf\"><div class=\"wpb_text_column\"><div class=\"wpb_wrapper\"><p>Um Dein Studio zu listen, kontaktiere uns bitte per E-Mail oder f\u00fclle das Bewerbungsformular auf unserer Website aus. Wir pr\u00fcfen Dein Studio und melden uns so schnell wie m\u00f6glich bei dir.<\/p>\n<\/div><\/div><\/div><\/div><\/div><div class=\"w-tabs-section\" id=\"a009\"><button class=\"w-tabs-section-header\" aria-controls=\"content-a009\" aria-expanded=\"false\"><h6 class=\"w-tabs-section-title\">5. Kann ich meine Buchung stornieren oder \u00e4ndern?<\/h6><div class=\"w-tabs-section-control\"><\/div><\/button><div  class=\"w-tabs-section-content\" id=\"content-a009\"><div class=\"w-tabs-section-content-h i-cf\"><div class=\"wpb_text_column\"><div class=\"wpb_wrapper\"><ul>\n<li class=\"\" data-start=\"125\" data-end=\"367\">\n<p class=\"\" data-start=\"50\" data-end=\"84\"><span style=\"color: #dfa73e;\"><strong data-start=\"50\" data-end=\"84\">Stornierungen durch den Kunden:<\/strong><\/span><\/p>\n<ul data-start=\"86\" data-end=\"282\">\n<li class=\"\" data-start=\"86\" data-end=\"200\">\n<p class=\"\" data-start=\"88\" data-end=\"200\"><span style=\"color: #dfa73e;\"><em data-start=\"88\" data-end=\"124\"><strong>Bis zu 48 Stunden vor der Buchung<\/strong>: <\/em><\/span><span style=\"color: #dfa73e;\"><\/span>Du kannst deine Buchung stornieren. Die Reservierungsgeb\u00fchr von 15 % wird erstattet.<\/p>\n<\/li>\n<li class=\"\" data-start=\"201\" data-end=\"282\">\n<p class=\"\" data-start=\"203\" data-end=\"282\"><span style=\"color: #dfa73e;\"><em data-start=\"203\" data-end=\"243\"><strong>Weniger als 48 Stunden vor der Buchung<\/strong>:<\/em><\/span> Die Reservierungsgeb\u00fchr ist nicht erstattungsf\u00e4hig.<\/p>\n<\/li>\n<\/ul>\n<p class=\"\" data-start=\"284\" data-end=\"316\"><span style=\"color: #dfa73e;\"><strong data-start=\"284\" data-end=\"316\">Stornierungen durch das Studio:<\/strong><\/span><\/p>\n<ul data-start=\"318\" data-end=\"924\">\n<li class=\"\" data-start=\"318\" data-end=\"544\">\n<p class=\"\" data-start=\"320\" data-end=\"544\"><em data-start=\"320\" data-end=\"356\"><span style=\"color: #dfa73e;\"><strong>Bis zu 48 Stunden vor der Buchung<\/strong>:<\/span> <\/em>Wenn das Studio stornieren muss, kannst Du entweder kostenlos auf einen neuen Termin umbuchen oder erh\u00e4ltst die Reservierungsgeb\u00fchr vollst\u00e4ndig zur\u00fcck. Die R\u00fcckerstattung erfolgt auf die Zahlungsmethode, die Du bei der Buchung verwendet hast.<\/p>\n<\/li>\n<li class=\"\" data-start=\"545\" data-end=\"924\">\n<p class=\"\" data-start=\"547\" data-end=\"924\"><em><strong><span style=\"color: #dfa73e;\">Weniger als 48 Stunden vor der Buchung:<\/span> <\/strong><\/em>Wenn das Studio mit weniger als 48 Stunden Vorlaufzeit storniert, kannst Du entweder kostenlos auf einen neuen Termin umbuchen oder erh\u00e4ltst die Reservierungsgeb\u00fchr vollst\u00e4ndig zur\u00fcck. Die R\u00fcckerstattung erfolgt auf die Zahlungsmethode, die Du bei der Buchung verwendet hast. Erfolgt die Stornierung weniger als 24 Stunden vor dem geplanten Termin, erstattet LM Booking die Reservierungsgeb\u00fchr.<\/p>\n<\/li>\n<\/ul>\n<p class=\"\" data-start=\"926\" data-end=\"943\"><span style=\"color: #dfa73e;\"><strong data-start=\"926\" data-end=\"943\">Umbuchung:<\/strong><\/span><\/p>\n<ul data-start=\"945\" data-end=\"1285\">\n<li class=\"\" data-start=\"945\" data-end=\"1159\">\n<p class=\"\" data-start=\"947\" data-end=\"1159\"><span style=\"color: #dfa73e;\"><em><strong>Bis zu 48 Stunden vor der Buchung:<\/strong> <\/em><\/span>Du kannst deine Buchung umbuchen, wenn Du und das Studio Euch auf einen alternativen Termin einigt. LM Booking unterst\u00fctzt die Kommunikation zwischen Dir und dem Studio, um einen neuen Termin zu finden.<\/p>\n<\/li>\n<li class=\"\" data-start=\"1160\" data-end=\"1285\">\n<p class=\"\" data-start=\"1162\" data-end=\"1285\"><em><strong><span style=\"color: #dfa73e;\">Weniger als 48 Stunden vor der Buchung:<\/span> <\/strong><\/em>Eine Umbuchung ist nur in Ausnahmef\u00e4llen und mit Zustimmung des Studios m\u00f6glich.<\/p>\n<\/li>\n<\/ul>\n<p class=\"\" data-start=\"1287\" data-end=\"1318\"><span style=\"color: #dfa73e;\"><strong data-start=\"1287\" data-end=\"1318\">Termin verschiebung durch das Studio:<\/strong><\/span><\/p>\n<p class=\"\" data-start=\"1320\" data-end=\"1489\">Wenn das Studio storniert, bietet Dir LM Booking mindestens 2 alternative Termine an. Sollten die vorgeschlagenen Termine f\u00fcr Dich nicht passen, erh\u00e4ltst Du die Reservierungsgeb\u00fchr vollst\u00e4ndig zur\u00fcck.<\/p>\n<\/li>\n<\/ul>\n<\/div><\/div><\/div><\/div><\/div><div class=\"w-tabs-section\" id=\"m155\"><button class=\"w-tabs-section-header\" aria-controls=\"content-m155\" aria-expanded=\"false\"><h6 class=\"w-tabs-section-title\">6. Kann ich als Studiobetreiber meine Preise und Verf\u00fcgbarkeit \u00e4ndern?<\/h6><div class=\"w-tabs-section-control\"><\/div><\/button><div  class=\"w-tabs-section-content\" id=\"content-m155\"><div class=\"w-tabs-section-content-h i-cf\"><div class=\"wpb_text_column\"><div class=\"wpb_wrapper\"><p>Ja, Studiobesitzer k\u00f6nnen ihre Preise und Verf\u00fcgbarkeit jederzeit aktualisieren. Wende Dich einfach an uns, und wir werden die notwendigen Aktualisierungen in Deinem Profil auf der Plattform vornehmen.<\/p>\n<\/div><\/div><\/div><\/div><\/div><div class=\"w-tabs-section\" id=\"w2ca\"><button class=\"w-tabs-section-header\" aria-controls=\"content-w2ca\" aria-expanded=\"false\"><h6 class=\"w-tabs-section-title\">7. Kann ich meine Buchung nach der Best\u00e4tigung noch \u00e4ndern und an wen wende ich mich bei Problemen mit der Buchung?<\/h6><div class=\"w-tabs-section-control\"><\/div><\/button><div  class=\"w-tabs-section-content\" id=\"content-w2ca\"><div class=\"w-tabs-section-content-h i-cf\"><div class=\"wpb_text_column\"><div class=\"wpb_wrapper\"><p class=\"\" data-start=\"34\" data-end=\"475\">Ja, Du kannst Deine Buchung \u00e4ndern, bitte kontaktiere uns jedoch so schnell wie m\u00f6glich. \u00c4nderungen h\u00e4ngen von der Verf\u00fcgbarkeit des Studios ab. F\u00fcr alle buchungsbezogenen Fragen oder Probleme wende Dich bitte per E-Mail oder \u00fcber das Kontaktformular auf unserer Website an uns. Derzeit bieten wir Support ausschlie\u00dflich per E-Mail unter<strong> <a href=\"mailto:info@lm-bookingagency.com\" rel=\"noopener\" data-start=\"425\" data-end=\"474\">info@lm-bookingagency.com<\/a><\/strong>   <\/p>\n<\/div><\/div><\/div><\/div><\/div><div class=\"w-tabs-section\" id=\"v3eb\"><button class=\"w-tabs-section-header\" aria-controls=\"content-v3eb\" aria-expanded=\"false\"><h6 class=\"w-tabs-section-title\">8. Kann ich ein Studio f\u00fcr einen individuellen Zeitraum buchen, z. B. f\u00fcr mehrere Tage oder bestimmte Stunden?<\/h6><div class=\"w-tabs-section-control\"><\/div><\/button><div  class=\"w-tabs-section-content\" id=\"content-v3eb\"><div class=\"w-tabs-section-content-h i-cf\"><div class=\"wpb_text_column\"><div class=\"wpb_wrapper\"><p>Ja! Du kannst ein Studio f\u00fcr so viele Stunden buchen, wie Du ben\u00f6tigst. Wenn Du spezielle Zeitfenster, mehrere Tage oder l\u00e4ngere Sessions w\u00fcnschst, gib Deine Anfrage einfach im Feld \u201eIndividuelle Anfrage\u201c w\u00e4hrend der Buchung an. LM Booking pr\u00fcft Deine Anfrage und best\u00e4tigt die Verf\u00fcgbarkeit, falls m\u00f6glich.   <\/p>\n<\/div><\/div><\/div><\/div><\/div><div class=\"w-tabs-section\" id=\"o619\"><button class=\"w-tabs-section-header\" aria-controls=\"content-o619\" aria-expanded=\"false\"><h6 class=\"w-tabs-section-title\">9. Wann erhalte ich die Adresse des Studios?<\/h6><div class=\"w-tabs-section-control\"><\/div><\/button><div  class=\"w-tabs-section-content\" id=\"content-o619\"><div class=\"w-tabs-section-content-h i-cf\"><div class=\"wpb_text_column\"><div class=\"wpb_wrapper\"><article class=\"text-token-text-primary w-full\" dir=\"auto\" data-testid=\"conversation-turn-78\" data-scroll-anchor=\"true\">\n<div class=\"text-base my-auto mx-auto py-5 px-6\">\n<div class=\"mx-auto flex flex-1 text-base gap-4 md:gap-5 lg:gap-6 md:max-w-3xl group\/turn-messages focus-visible:outline-hidden\" tabindex=\"-1\">\n<div class=\"group\/conversation-turn relative flex w-full min-w-0 flex-col agent-turn @xs\/thread:px-0 @sm\/thread:px-1.5 @md\/thread:px-4\">\n<div class=\"relative flex-col gap-1 md:gap-3\">\n<div class=\"flex max-w-full flex-col grow\">\n<div class=\"min-h-8 text-message relative flex w-full flex-col items-end gap-2 text-start break-words whitespace-normal &#091;.text-message+&amp;&#093;:mt-5\" dir=\"auto\" data-message-author-role=\"assistant\" data-message-id=\"d62af2d5-1e5d-4d32-b5a3-ffaf954d29b3\" data-message-model-slug=\"gpt-4o-mini\">\n<div class=\"flex w-full flex-col gap-1 empty:hidden first:pt-&#091;3px&#093;\">\n<div class=\"markdown prose dark:prose-invert w-full break-words light\">\n<p class=\"\" data-start=\"62\" data-end=\"357\">Nachdem die Zahlung der Reservierungsgeb\u00fchr (15 % des gesamten Buchungsbetrags) best\u00e4tigt wurde, erh\u00e4ltst Du eine E-Mail mit der vollst\u00e4ndigen Adresse und allen notwendigen Details zu Deiner Buchung. Die Restzahlung erfolgt direkt im Studio. <\/p>\n<\/div>\n<\/div>\n<\/div>\n<\/div>\n<\/div>\n<div class=\"absolute\">\n<div class=\"flex items-center justify-center\"> <\/div>\n<\/div>\n<\/div>\n<\/div>\n<\/div>\n<\/article>\n<div class=\"pointer-events-none h-px w-px\" aria-hidden=\"true\" data-edge=\"true\"> <\/div>\n<\/div><\/div><\/div><\/div><\/div><\/div><\/div><\/div><\/div><div class=\"wpb_column vc_column_container\"><div class=\"vc_column-inner\"><div class=\"w-vwrapper us_custom_5405eb91 align_none valign_top\"><h4 class=\"w-text\"><span class=\"w-text-h\"><span class=\"w-text-value\">Noch weitere Fragen?<\/span><\/span><\/h4><form class=\"w-form  us-field-style_1 layout_ver show_message_after_sending for_cform us_form_1\" action=\"https:\/\/lm-bookingagency.com\/de\/wp-json\/wp\/v2\/pages\/3352\" method=\"post\" enctype=\"multipart\/form-data\"><div class=\"w-form-h\"><div class=\"w-form-row for_email required\">\r\n\t\t<div class=\"w-form-row-field\">\r\n\t\t\t\t\t\t<input aria-label=\"Email\" type=\"email\" name=\"us_form_1_email_1\" value placeholder=\"Email *\" data-required=\"true\" aria-required=\"true\"\/>\r\n\t\t\t<\/div>\r\n\t\t\t<div class=\"w-form-row-description\">\r\n\t\t\tE-Mail-Adresse eingeben\t\t<\/div>\r\n\t\t<div class=\"w-form-row-state\">Bitte gib eine g\u00fcltige E-Mail-Adresse ein.<\/div>\r\n<\/div>\r\n<div class=\"w-form-row for_text\">\r\n\t\t<div class=\"w-form-row-field\">\r\n\t\t\t\t\t\t<input aria-label=\"Telefon\" inputmode=\"numeric\" type=\"text\" name=\"us_form_1_text_1\" value placeholder=\"Telefon\"\/>\r\n\t\t\t<\/div>\r\n\t\t\t<div class=\"w-form-row-description\">\r\n\t\t\tTelefonnummer eingeben\t\t<\/div>\r\n\t\t<div class=\"w-form-row-state\">Bitte f\u00fcllen Sie dieses Feld aus.<\/div>\r\n<\/div>\r\n<div class=\"w-form-row for_textarea required\">\r\n\t\t<div class=\"w-form-row-field\">\r\n\t\t\t\t\t\t<textarea aria-label=\"Nachricht\" name=\"us_form_1_textarea_1\" placeholder=\"Nachricht *\" data-required=\"true\" aria-required=\"true\"><\/textarea>\r\n\t\t\t<\/div>\r\n\t\t<div class=\"w-form-row-state\">Bitte f\u00fcllen Sie dieses Feld aus.<\/div>\r\n<\/div>\r\n<div class=\"w-form-row for_file\">\r\n\t\t<div class=\"w-form-row-field\">\r\n\t\t\t\t\t\t<input aria-label=\"us_form_1_file_1\" type=\"file\" name=\"us_form_1_file_1\" accept=\".jpg,.jpeg.pdfimage\/*\" data-std=\"10MB\" data-max_size=\"100\"\/>\r\n\t\t\t<\/div>\r\n\t\t<div class=\"w-form-row-state\">Bitte f\u00fcllen Sie dieses Feld aus.<\/div>\r\n<\/div>\r\n<div class=\"w-form-row for_info\">\r\n\t<p>* Pflichtfelder<\/p>\r\n<\/div>\r\n<input type=\"hidden\" name=\"action\" value=\"us_ajax_cform\" \/>\r\n<input type=\"hidden\" name=\"post_id\" value=\"0\" \/>\r\n<input type=\"hidden\" name=\"form_index\" value=\"1\" \/>\r\n<div class=\"w-form-row for_submit align_justify\">\r\n\t<button class=\"w-btn  us-btn-style_1\" aria-label=\"Anfrage senden\" type=\"submit\">\r\n\t\t<span class=\"g-preloader type_1\"><\/span>\r\n\t\t\t\t<span class=\"w-btn-label\">Anfrage senden<\/span>\r\n\t\t\t<\/button>\r\n\t<\/div>\r\n<\/div><div class=\"w-form-message\"><\/div><div class=\"w-form-json hidden\" onclick='return {&quot;ajaxurl&quot;:&quot;https:\\\/\\\/lm-bookingagency.com\\\/wp-admin\\\/admin-ajax.php&quot;,&quot;messages&quot;:{&quot;err_empty&quot;:&quot;Bitte f\\u00fcllen Sie dieses Feld aus.&quot;,&quot;err_size&quot;:&quot;Die Dateigr\\u00f6\\u00dfe darf %s MB nicht \\u00fcberschreiten&quot;,&quot;err_extension&quot;:&quot;Dateityp %s ist nicht zul\\u00e4ssig&quot;,&quot;err_recaptcha_keys&quot;:&quot;reCAPTCHA-Schl\\u00fcssel sind fehlerhaft&quot;}}'><\/div><\/form><\/div><\/div><\/div><\/div><\/div><\/div><\/div><\/div><\/section>\n","protected":false},"excerpt":{"rendered":"LM Booking \u2013 H\u00e4ufig gestellte Fragen (FAQ)1. Was ist LM Booking? LM Booking ist eine Plattform, die Musiker, Produzenten, Kreative und Talente mit professionellen Tonstudios und anderen kreativen R\u00e4umen zusammenbringt. In Zukunft werden wir auch DJs, weitere Talente und zus\u00e4tzliche kreative R\u00e4ume hinzuf\u00fcgen, um eine noch gr\u00f6\u00dfere Vielfalt zu bieten und den vielf\u00e4ltigen Anforderungen Deiner...","protected":false},"author":3,"featured_media":0,"parent":0,"menu_order":0,"comment_status":"closed","ping_status":"closed","template":"","meta":{"_acf_changed":false,"footnotes":""},"class_list":["post-3352","page","type-page","status-publish","hentry"],"acf":[],"yoast_head":"<!-- This site is optimized with the Yoast SEO plugin v25.9 - https:\/\/yoast.com\/wordpress\/plugins\/seo\/ -->\n<title>LM Booking \u2013 H\u00e4ufig gestellte Fragen (FAQ) - LM Booking Agency<\/title>\n<meta name=\"robots\" content=\"index, follow, max-snippet:-1, max-image-preview:large, max-video-preview:-1\" \/>\n<link rel=\"canonical\" href=\"https:\/\/lm-bookingagency.com\/de\/lm-booking-haeufig-gestellte-fragen-faq\/\" \/>\n<meta property=\"og:locale\" content=\"de_DE\" \/>\n<meta property=\"og:type\" content=\"article\" \/>\n<meta property=\"og:title\" content=\"LM Booking \u2013 H\u00e4ufig gestellte Fragen (FAQ) - LM Booking Agency\" \/>\n<meta property=\"og:url\" content=\"https:\/\/lm-bookingagency.com\/de\/lm-booking-haeufig-gestellte-fragen-faq\/\" \/>\n<meta property=\"og:site_name\" content=\"LM Booking Agency\" \/>\n<meta property=\"article:modified_time\" content=\"2025-12-28T16:56:55+00:00\" \/>\n<meta name=\"twitter:card\" content=\"summary_large_image\" \/>\n<script type=\"application\/ld+json\" class=\"yoast-schema-graph\">{\"@context\":\"https:\/\/schema.org\",\"@graph\":[{\"@type\":\"WebPage\",\"@id\":\"https:\/\/lm-bookingagency.com\/de\/lm-booking-haeufig-gestellte-fragen-faq\/\",\"url\":\"https:\/\/lm-bookingagency.com\/de\/lm-booking-haeufig-gestellte-fragen-faq\/\",\"name\":\"LM Booking \u2013 H\u00e4ufig gestellte Fragen (FAQ) - LM Booking Agency\",\"isPartOf\":{\"@id\":\"https:\/\/lm-bookingagency.com\/de\/#website\"},\"datePublished\":\"2025-03-23T16:43:33+00:00\",\"dateModified\":\"2025-12-28T16:56:55+00:00\",\"breadcrumb\":{\"@id\":\"https:\/\/lm-bookingagency.com\/de\/lm-booking-haeufig-gestellte-fragen-faq\/#breadcrumb\"},\"inLanguage\":\"de\",\"potentialAction\":[{\"@type\":\"ReadAction\",\"target\":[\"https:\/\/lm-bookingagency.com\/de\/lm-booking-haeufig-gestellte-fragen-faq\/\"]}]},{\"@type\":\"BreadcrumbList\",\"@id\":\"https:\/\/lm-bookingagency.com\/de\/lm-booking-haeufig-gestellte-fragen-faq\/#breadcrumb\",\"itemListElement\":[{\"@type\":\"ListItem\",\"position\":1,\"name\":\"Startseite\",\"item\":\"https:\/\/lm-bookingagency.com\/de\/\"},{\"@type\":\"ListItem\",\"position\":2,\"name\":\"LM Booking \u2013 H\u00e4ufig gestellte Fragen (FAQ)\"}]},{\"@type\":\"WebSite\",\"@id\":\"https:\/\/lm-bookingagency.com\/de\/#website\",\"url\":\"https:\/\/lm-bookingagency.com\/de\/\",\"name\":\"LM Booking Agency\",\"description\":\"\",\"publisher\":{\"@id\":\"https:\/\/lm-bookingagency.com\/de\/#organization\"},\"potentialAction\":[{\"@type\":\"SearchAction\",\"target\":{\"@type\":\"EntryPoint\",\"urlTemplate\":\"https:\/\/lm-bookingagency.com\/de\/?s={search_term_string}\"},\"query-input\":{\"@type\":\"PropertyValueSpecification\",\"valueRequired\":true,\"valueName\":\"search_term_string\"}}],\"inLanguage\":\"de\"},{\"@type\":\"Organization\",\"@id\":\"https:\/\/lm-bookingagency.com\/de\/#organization\",\"name\":\"LM Booking Agency\",\"alternateName\":\"LM\",\"url\":\"https:\/\/lm-bookingagency.com\/de\/\",\"logo\":{\"@type\":\"ImageObject\",\"inLanguage\":\"de\",\"@id\":\"https:\/\/lm-bookingagency.com\/de\/#\/schema\/logo\/image\/\",\"url\":\"\",\"contentUrl\":\"\",\"caption\":\"LM Booking Agency\"},\"image\":{\"@id\":\"https:\/\/lm-bookingagency.com\/de\/#\/schema\/logo\/image\/\"}}]}<\/script>\n<!-- \/ Yoast SEO plugin. -->","yoast_head_json":{"title":"LM Booking \u2013 H\u00e4ufig gestellte Fragen (FAQ) - LM Booking Agency","robots":{"index":"index","follow":"follow","max-snippet":"max-snippet:-1","max-image-preview":"max-image-preview:large","max-video-preview":"max-video-preview:-1"},"canonical":"https:\/\/lm-bookingagency.com\/de\/lm-booking-haeufig-gestellte-fragen-faq\/","og_locale":"de_DE","og_type":"article","og_title":"LM Booking \u2013 H\u00e4ufig gestellte Fragen (FAQ) - LM Booking Agency","og_url":"https:\/\/lm-bookingagency.com\/de\/lm-booking-haeufig-gestellte-fragen-faq\/","og_site_name":"LM Booking Agency","article_modified_time":"2025-12-28T16:56:55+00:00","twitter_card":"summary_large_image","schema":{"@context":"https:\/\/schema.org","@graph":[{"@type":"WebPage","@id":"https:\/\/lm-bookingagency.com\/de\/lm-booking-haeufig-gestellte-fragen-faq\/","url":"https:\/\/lm-bookingagency.com\/de\/lm-booking-haeufig-gestellte-fragen-faq\/","name":"LM Booking \u2013 H\u00e4ufig gestellte Fragen (FAQ) - LM Booking Agency","isPartOf":{"@id":"https:\/\/lm-bookingagency.com\/de\/#website"},"datePublished":"2025-03-23T16:43:33+00:00","dateModified":"2025-12-28T16:56:55+00:00","breadcrumb":{"@id":"https:\/\/lm-bookingagency.com\/de\/lm-booking-haeufig-gestellte-fragen-faq\/#breadcrumb"},"inLanguage":"de","potentialAction":[{"@type":"ReadAction","target":["https:\/\/lm-bookingagency.com\/de\/lm-booking-haeufig-gestellte-fragen-faq\/"]}]},{"@type":"BreadcrumbList","@id":"https:\/\/lm-bookingagency.com\/de\/lm-booking-haeufig-gestellte-fragen-faq\/#breadcrumb","itemListElement":[{"@type":"ListItem","position":1,"name":"Startseite","item":"https:\/\/lm-bookingagency.com\/de\/"},{"@type":"ListItem","position":2,"name":"LM Booking \u2013 H\u00e4ufig gestellte Fragen (FAQ)"}]},{"@type":"WebSite","@id":"https:\/\/lm-bookingagency.com\/de\/#website","url":"https:\/\/lm-bookingagency.com\/de\/","name":"LM Booking Agency","description":"","publisher":{"@id":"https:\/\/lm-bookingagency.com\/de\/#organization"},"potentialAction":[{"@type":"SearchAction","target":{"@type":"EntryPoint","urlTemplate":"https:\/\/lm-bookingagency.com\/de\/?s={search_term_string}"},"query-input":{"@type":"PropertyValueSpecification","valueRequired":true,"valueName":"search_term_string"}}],"inLanguage":"de"},{"@type":"Organization","@id":"https:\/\/lm-bookingagency.com\/de\/#organization","name":"LM Booking Agency","alternateName":"LM","url":"https:\/\/lm-bookingagency.com\/de\/","logo":{"@type":"ImageObject","inLanguage":"de","@id":"https:\/\/lm-bookingagency.com\/de\/#\/schema\/logo\/image\/","url":"","contentUrl":"","caption":"LM Booking Agency"},"image":{"@id":"https:\/\/lm-bookingagency.com\/de\/#\/schema\/logo\/image\/"}}]}},"_links":{"self":[{"href":"https:\/\/lm-bookingagency.com\/de\/wp-json\/wp\/v2\/pages\/3352","targetHints":{"allow":["GET"]}}],"collection":[{"href":"https:\/\/lm-bookingagency.com\/de\/wp-json\/wp\/v2\/pages"}],"about":[{"href":"https:\/\/lm-bookingagency.com\/de\/wp-json\/wp\/v2\/types\/page"}],"author":[{"embeddable":true,"href":"https:\/\/lm-bookingagency.com\/de\/wp-json\/wp\/v2\/users\/3"}],"replies":[{"embeddable":true,"href":"https:\/\/lm-bookingagency.com\/de\/wp-json\/wp\/v2\/comments?post=3352"}],"version-history":[{"count":15,"href":"https:\/\/lm-bookingagency.com\/de\/wp-json\/wp\/v2\/pages\/3352\/revisions"}],"predecessor-version":[{"id":4603,"href":"https:\/\/lm-bookingagency.com\/de\/wp-json\/wp\/v2\/pages\/3352\/revisions\/4603"}],"wp:attachment":[{"href":"https:\/\/lm-bookingagency.com\/de\/wp-json\/wp\/v2\/media?parent=3352"}],"curies":[{"name":"wp","href":"https:\/\/api.w.org\/{rel}","templated":true}]}}