{"id":3262,"date":"2025-01-21T11:46:26","date_gmt":"2025-01-21T10:46:26","guid":{"rendered":"https:\/\/lm-bookingagency.com\/ueber-uns\/fuer-musik-studios\/"},"modified":"2026-01-16T16:24:34","modified_gmt":"2026-01-16T15:24:34","slug":"fuer-musik-studios","status":"publish","type":"page","link":"https:\/\/lm-bookingagency.com\/de\/ueber-uns\/fuer-musik-studios\/","title":{"rendered":"F\u00fcr Musik Studios"},"content":{"rendered":"<section class=\"l-section wpb_row height_auto\"><div class=\"l-section-h i-cf\"><div class=\"g-cols vc_row via_grid cols_1 laptops-cols_inherit tablets-cols_inherit mobiles-cols_1 valign_top type_default stacking_default\"><div class=\"wpb_column vc_column_container\"><div class=\"vc_column-inner\"><div class=\"w-separator size_large\"><\/div><\/div><\/div><\/div><\/div><\/section><section class=\"l-section wpb_row height_auto\"><div class=\"l-section-h i-cf\"><div class=\"g-cols vc_row via_grid cols_2-1 laptops-cols_inherit tablets-cols_inherit mobiles-cols_1 valign_top type_default stacking_default\"><div class=\"wpb_column vc_column_container\"><div class=\"vc_column-inner\"><h1 class=\"w-text us_custom_da1a9854\"><span class=\"w-text-h\"><span class=\"w-text-value\">F\u00fcr Musik Studios<\/span><\/span><\/h1><div class=\"wpb_text_column\"><div class=\"wpb_wrapper\"><p>Mit Hilfe unseres Buchungssystems wird alles f\u00fcr Dich einfacher. Verabschiede Dich von der Handhabung von Buchungsterminen \u00fcber soziale Medien. Mit Hilfe unseres Buchungssystems wird alles f\u00fcr Dich einfacher. Mit nur wenigen Klicks kannst Du Details und Preise f\u00fcr Dein Studio einsehen, was die Buchung bei ihnen einfacher denn je macht. Wir \u00fcbernehmen die gesamte Planung, damit Du Dich auf das konzentrieren kannst, was Du am Besten kannst. Gro\u00dfartige Musik kreieren! Durch eine Partnerschaft mit uns gewinnt Dein Studio an Sichtbarkeit und zieht mehr Kunden an, wodurch Du Dich auf dem umk\u00e4mpften Markt von der Konkurrenz abheben kannst. Werde noch heute Teil unserer Community und lass uns Dir dabei helfen, Dein Studio in einen florierenden Ort der Kreativit\u00e4t zu verwandeln!<\/p>\n<\/div><\/div><\/div><\/div><div class=\"wpb_column vc_column_container\"><div class=\"vc_column-inner\"><\/div><\/div><\/div><\/div><\/section><section class=\"l-section wpb_row height_medium\"><div class=\"l-section-h i-cf\"><div class=\"g-cols vc_row via_grid cols_2 laptops-cols_inherit tablets-cols_inherit mobiles-cols_1 valign_top type_default reversed stacking_default\"><div class=\"wpb_column vc_column_container\"><div class=\"vc_column-inner\"><div class=\"wpb_text_column\"><div class=\"wpb_wrapper\"><h2 data-pm-slice=\"1 1 &#091;&#093;\">Unsere Angebote f\u00fcr Musikstudios<\/h2>\n<\/div><\/div><div class=\"w-separator size_medium\"><\/div><div class=\"w-iconbox iconpos_left style_default color_primary align_left\"><div class=\"w-iconbox-icon\" style=\"font-size:3rem;\"><i class=\"fas fa-eye\"><\/i><\/div><div class=\"w-iconbox-meta\"><h3 class=\"w-iconbox-title\" style=\"font-size:1.5rem;\">H\u00f6here Sichtbarkeit<\/h3><div class=\"w-iconbox-text\"><p data-pm-slice=\"1 1 &#091;&#093;\">Wir bewerben Dein Studio \u00fcber unsere Plattform und verschaffen Dir so Zugang zu einem gr\u00f6\u00dferen Publikum von Musikern und Produzenten, die auf der Suche nach hochwertigen Aufnahmestudios sind.<\/p>\n<\/div><\/div><\/div><div class=\"w-separator size_medium\"><\/div><div class=\"w-iconbox iconpos_left style_default color_primary align_left\"><div class=\"w-iconbox-icon\" style=\"font-size:3rem;\"><i class=\"fas fa-calendar-star\"><\/i><\/div><div class=\"w-iconbox-meta\"><h3 class=\"w-iconbox-title\" style=\"font-size:1.5rem;\">Buchungsmanagement<\/h3><div class=\"w-iconbox-text\"><p>Nutze das benutzerfreundliche System von LM Booking, um die Terminplanung zu optimieren und Studiobuchungen effizient zu verwalten, wodurch der Verwaltungsaufwand reduziert wird.<\/p>\n<\/div><\/div><\/div><div class=\"w-separator size_medium\"><\/div><div class=\"w-iconbox iconpos_left style_default color_primary align_left\"><div class=\"w-iconbox-icon\" style=\"font-size:3rem;\"><i class=\"fas fa-bullhorn\"><\/i><\/div><div class=\"w-iconbox-meta\"><h3 class=\"w-iconbox-title\" style=\"font-size:1.5rem;\">Marketing Unterst\u00fctzung<\/h3><div class=\"w-iconbox-text\"><p data-pm-slice=\"1 1 &#091;&#093;\">Nutze unser Marketing-Know-how, um Dein Studio zu bewerben und durch gezielte Kampagnen und Social-Media-Aktivit\u00e4ten neue Kunden zu gewinnen.<\/p>\n<\/div><\/div><\/div><div class=\"w-separator size_medium\"><\/div><div class=\"w-iconbox iconpos_left style_default color_primary align_left\"><div class=\"w-iconbox-icon\" style=\"font-size:3rem;\"><i class=\"fas fa-hands-helping\"><\/i><\/div><div class=\"w-iconbox-meta\"><h3 class=\"w-iconbox-title\" style=\"font-size:1.5rem;\">Networking M\u00f6glichkeiten<\/h3><div class=\"w-iconbox-text\"><p data-pm-slice=\"1 1 &#091;&#093;\">Kn\u00fcpfe Kontakte mit einem vielf\u00e4ltigen Netzwerk aus Musikern, Produzenten und Branchenfachleuten, um die M\u00f6glichkeiten der Zusammenarbeit und Partnerschaft zu f\u00f6rdern.<\/p>\n<\/div><\/div><\/div><div class=\"w-separator size_medium\"><\/div><\/div><\/div><div class=\"wpb_column vc_column_container\"><div class=\"vc_column-inner\"><div class=\"w-post-elm post_image us_custom_51a65bd9 has_ratio\"><img loading=\"lazy\" decoding=\"async\" width=\"2560\" height=\"1706\" src=\"https:\/\/lm-bookingagency.com\/wp-content\/uploads\/2025\/08\/PangaPetru-4-scaled.jpg\" class=\"attachment-full size-full wp-post-image\" alt=\"\" \/><div style=\"padding-bottom:75%\"><\/div><\/div><\/div><\/div><\/div><\/div><\/section><section class=\"l-section wpb_row us_custom_a21ea65f height_auto\"><div class=\"l-section-overlay\" style=\"background:linear-gradient(0deg,rgba(16,16,16,0.75),rgba(0,0,0,0))\"><\/div><div class=\"l-section-h i-cf\"><div class=\"g-cols vc_row via_grid cols_1 laptops-cols_inherit tablets-cols_inherit mobiles-cols_1 valign_top type_default stacking_default\"><div class=\"wpb_column vc_column_container us_custom_a21ea65f\"><div class=\"vc_column-inner\"><div class=\"g-cols wpb_row us_custom_82d05fd3 via_grid cols_1-2-1 laptops-cols_inherit tablets-cols_inherit mobiles-cols_1 valign_middle type_default stacking_default\" style=\"--columns-gap:3rem;\"><div class=\"wpb_column vc_column_container\"><div class=\"vc_column-inner\"><\/div><\/div><div class=\"wpb_column vc_column_container\"><div class=\"vc_column-inner\"><div class=\"w-separator size_custom\" style=\"height:5vh\"><\/div><p class=\"w-text us_custom_697005a4\"><span class=\"w-text-h\"><span class=\"w-text-value\">Vermiete Dein Musik Studio mit LM<\/span><\/span><\/p><div class=\"w-separator size_custom\" style=\"height:5vh\"><\/div><div class=\"w-btn-wrapper align_center\"><a class=\"w-btn us-btn-style_1\" href=\"https:\/\/lm-bookingagency.com\/de\/werde-teil-von-uns\/werde-teil-von-uns-musikstudios\/\"><span class=\"w-btn-label\">Werde Teil von uns<\/span><\/a><\/div><\/div><\/div><div class=\"wpb_column vc_column_container\"><div class=\"vc_column-inner\"><\/div><\/div><\/div><div class=\"w-separator size_medium\"><\/div><\/div><\/div><\/div><\/div><\/section>\n","protected":false},"excerpt":{"rendered":"<p>Mit Hilfe unseres Buchungssystems wird alles f\u00fcr Dich einfacher. Verabschiede Dich von der Handhabung von Buchungsterminen \u00fcber soziale Medien. Unser Buchungssystem vereinfacht alles f\u00fcr Sie.<\/p>\n","protected":false},"author":1,"featured_media":3576,"parent":3217,"menu_order":0,"comment_status":"closed","ping_status":"closed","template":"","meta":{"_acf_changed":false,"footnotes":""},"class_list":["post-3262","page","type-page","status-publish","has-post-thumbnail","hentry"],"acf":[],"yoast_head":"<!-- This site is optimized with the Yoast SEO plugin v25.9 - https:\/\/yoast.com\/wordpress\/plugins\/seo\/ -->\n<title>F\u00fcr Musik Studios - LM Booking Agency<\/title>\n<meta name=\"robots\" content=\"index, follow, max-snippet:-1, max-image-preview:large, max-video-preview:-1\" \/>\n<link rel=\"canonical\" href=\"https:\/\/lm-bookingagency.com\/de\/ueber-uns\/fuer-musik-studios\/\" \/>\n<meta property=\"og:locale\" content=\"de_DE\" \/>\n<meta property=\"og:type\" content=\"article\" \/>\n<meta property=\"og:title\" content=\"F\u00fcr Musik Studios - LM Booking Agency\" \/>\n<meta property=\"og:description\" content=\"Mit Hilfe unseres Buchungssystems wird alles f\u00fcr Dich einfacher. Verabschiede Dich von der Handhabung von Buchungsterminen \u00fcber soziale Medien. Unser Buchungssystem vereinfacht alles f\u00fcr Sie.\" \/>\n<meta property=\"og:url\" content=\"https:\/\/lm-bookingagency.com\/de\/ueber-uns\/fuer-musik-studios\/\" \/>\n<meta property=\"og:site_name\" content=\"LM Booking Agency\" \/>\n<meta property=\"article:modified_time\" content=\"2026-01-16T15:24:34+00:00\" \/>\n<meta property=\"og:image\" content=\"https:\/\/lm-bookingagency.com\/wp-content\/uploads\/2025\/08\/PangaPetru-4-scaled.jpg\" \/>\n\t<meta property=\"og:image:width\" content=\"2560\" \/>\n\t<meta property=\"og:image:height\" content=\"1706\" \/>\n\t<meta property=\"og:image:type\" content=\"image\/jpeg\" \/>\n<meta name=\"twitter:card\" content=\"summary_large_image\" \/>\n<script type=\"application\/ld+json\" class=\"yoast-schema-graph\">{\"@context\":\"https:\/\/schema.org\",\"@graph\":[{\"@type\":\"WebPage\",\"@id\":\"https:\/\/lm-bookingagency.com\/de\/ueber-uns\/fuer-musik-studios\/\",\"url\":\"https:\/\/lm-bookingagency.com\/de\/ueber-uns\/fuer-musik-studios\/\",\"name\":\"F\u00fcr Musik Studios - LM Booking Agency\",\"isPartOf\":{\"@id\":\"https:\/\/lm-bookingagency.com\/de\/#website\"},\"primaryImageOfPage\":{\"@id\":\"https:\/\/lm-bookingagency.com\/de\/ueber-uns\/fuer-musik-studios\/#primaryimage\"},\"image\":{\"@id\":\"https:\/\/lm-bookingagency.com\/de\/ueber-uns\/fuer-musik-studios\/#primaryimage\"},\"thumbnailUrl\":\"https:\/\/lm-bookingagency.com\/wp-content\/uploads\/2025\/08\/PangaPetru-4-scaled.jpg\",\"datePublished\":\"2025-01-21T10:46:26+00:00\",\"dateModified\":\"2026-01-16T15:24:34+00:00\",\"breadcrumb\":{\"@id\":\"https:\/\/lm-bookingagency.com\/de\/ueber-uns\/fuer-musik-studios\/#breadcrumb\"},\"inLanguage\":\"de\",\"potentialAction\":[{\"@type\":\"ReadAction\",\"target\":[\"https:\/\/lm-bookingagency.com\/de\/ueber-uns\/fuer-musik-studios\/\"]}]},{\"@type\":\"ImageObject\",\"inLanguage\":\"de\",\"@id\":\"https:\/\/lm-bookingagency.com\/de\/ueber-uns\/fuer-musik-studios\/#primaryimage\",\"url\":\"https:\/\/lm-bookingagency.com\/wp-content\/uploads\/2025\/08\/PangaPetru-4-scaled.jpg\",\"contentUrl\":\"https:\/\/lm-bookingagency.com\/wp-content\/uploads\/2025\/08\/PangaPetru-4-scaled.jpg\",\"width\":2560,\"height\":1706},{\"@type\":\"BreadcrumbList\",\"@id\":\"https:\/\/lm-bookingagency.com\/de\/ueber-uns\/fuer-musik-studios\/#breadcrumb\",\"itemListElement\":[{\"@type\":\"ListItem\",\"position\":1,\"name\":\"Startseite\",\"item\":\"https:\/\/lm-bookingagency.com\/de\/\"},{\"@type\":\"ListItem\",\"position\":2,\"name\":\"\u00dcber Uns\",\"item\":\"https:\/\/lm-bookingagency.com\/de\/about-us\/\"},{\"@type\":\"ListItem\",\"position\":3,\"name\":\"F\u00fcr Musik Studios\"}]},{\"@type\":\"WebSite\",\"@id\":\"https:\/\/lm-bookingagency.com\/de\/#website\",\"url\":\"https:\/\/lm-bookingagency.com\/de\/\",\"name\":\"LM Booking Agency\",\"description\":\"\",\"publisher\":{\"@id\":\"https:\/\/lm-bookingagency.com\/de\/#organization\"},\"potentialAction\":[{\"@type\":\"SearchAction\",\"target\":{\"@type\":\"EntryPoint\",\"urlTemplate\":\"https:\/\/lm-bookingagency.com\/de\/?s={search_term_string}\"},\"query-input\":{\"@type\":\"PropertyValueSpecification\",\"valueRequired\":true,\"valueName\":\"search_term_string\"}}],\"inLanguage\":\"de\"},{\"@type\":\"Organization\",\"@id\":\"https:\/\/lm-bookingagency.com\/de\/#organization\",\"name\":\"LM Booking Agency\",\"alternateName\":\"LM\",\"url\":\"https:\/\/lm-bookingagency.com\/de\/\",\"logo\":{\"@type\":\"ImageObject\",\"inLanguage\":\"de\",\"@id\":\"https:\/\/lm-bookingagency.com\/de\/#\/schema\/logo\/image\/\",\"url\":\"\",\"contentUrl\":\"\",\"caption\":\"LM Booking Agency\"},\"image\":{\"@id\":\"https:\/\/lm-bookingagency.com\/de\/#\/schema\/logo\/image\/\"}}]}<\/script>\n<!-- \/ Yoast SEO plugin. -->","yoast_head_json":{"title":"F\u00fcr Musik Studios - LM Booking Agency","robots":{"index":"index","follow":"follow","max-snippet":"max-snippet:-1","max-image-preview":"max-image-preview:large","max-video-preview":"max-video-preview:-1"},"canonical":"https:\/\/lm-bookingagency.com\/de\/ueber-uns\/fuer-musik-studios\/","og_locale":"de_DE","og_type":"article","og_title":"F\u00fcr Musik Studios - LM Booking Agency","og_description":"Mit Hilfe unseres Buchungssystems wird alles f\u00fcr Dich einfacher. Verabschiede Dich von der Handhabung von Buchungsterminen \u00fcber soziale Medien. Unser Buchungssystem vereinfacht alles f\u00fcr Sie.","og_url":"https:\/\/lm-bookingagency.com\/de\/ueber-uns\/fuer-musik-studios\/","og_site_name":"LM Booking Agency","article_modified_time":"2026-01-16T15:24:34+00:00","og_image":[{"width":2560,"height":1706,"url":"https:\/\/lm-bookingagency.com\/wp-content\/uploads\/2025\/08\/PangaPetru-4-scaled.jpg","type":"image\/jpeg"}],"twitter_card":"summary_large_image","schema":{"@context":"https:\/\/schema.org","@graph":[{"@type":"WebPage","@id":"https:\/\/lm-bookingagency.com\/de\/ueber-uns\/fuer-musik-studios\/","url":"https:\/\/lm-bookingagency.com\/de\/ueber-uns\/fuer-musik-studios\/","name":"F\u00fcr Musik Studios - LM Booking Agency","isPartOf":{"@id":"https:\/\/lm-bookingagency.com\/de\/#website"},"primaryImageOfPage":{"@id":"https:\/\/lm-bookingagency.com\/de\/ueber-uns\/fuer-musik-studios\/#primaryimage"},"image":{"@id":"https:\/\/lm-bookingagency.com\/de\/ueber-uns\/fuer-musik-studios\/#primaryimage"},"thumbnailUrl":"https:\/\/lm-bookingagency.com\/wp-content\/uploads\/2025\/08\/PangaPetru-4-scaled.jpg","datePublished":"2025-01-21T10:46:26+00:00","dateModified":"2026-01-16T15:24:34+00:00","breadcrumb":{"@id":"https:\/\/lm-bookingagency.com\/de\/ueber-uns\/fuer-musik-studios\/#breadcrumb"},"inLanguage":"de","potentialAction":[{"@type":"ReadAction","target":["https:\/\/lm-bookingagency.com\/de\/ueber-uns\/fuer-musik-studios\/"]}]},{"@type":"ImageObject","inLanguage":"de","@id":"https:\/\/lm-bookingagency.com\/de\/ueber-uns\/fuer-musik-studios\/#primaryimage","url":"https:\/\/lm-bookingagency.com\/wp-content\/uploads\/2025\/08\/PangaPetru-4-scaled.jpg","contentUrl":"https:\/\/lm-bookingagency.com\/wp-content\/uploads\/2025\/08\/PangaPetru-4-scaled.jpg","width":2560,"height":1706},{"@type":"BreadcrumbList","@id":"https:\/\/lm-bookingagency.com\/de\/ueber-uns\/fuer-musik-studios\/#breadcrumb","itemListElement":[{"@type":"ListItem","position":1,"name":"Startseite","item":"https:\/\/lm-bookingagency.com\/de\/"},{"@type":"ListItem","position":2,"name":"\u00dcber Uns","item":"https:\/\/lm-bookingagency.com\/de\/about-us\/"},{"@type":"ListItem","position":3,"name":"F\u00fcr Musik Studios"}]},{"@type":"WebSite","@id":"https:\/\/lm-bookingagency.com\/de\/#website","url":"https:\/\/lm-bookingagency.com\/de\/","name":"LM Booking Agency","description":"","publisher":{"@id":"https:\/\/lm-bookingagency.com\/de\/#organization"},"potentialAction":[{"@type":"SearchAction","target":{"@type":"EntryPoint","urlTemplate":"https:\/\/lm-bookingagency.com\/de\/?s={search_term_string}"},"query-input":{"@type":"PropertyValueSpecification","valueRequired":true,"valueName":"search_term_string"}}],"inLanguage":"de"},{"@type":"Organization","@id":"https:\/\/lm-bookingagency.com\/de\/#organization","name":"LM Booking Agency","alternateName":"LM","url":"https:\/\/lm-bookingagency.com\/de\/","logo":{"@type":"ImageObject","inLanguage":"de","@id":"https:\/\/lm-bookingagency.com\/de\/#\/schema\/logo\/image\/","url":"","contentUrl":"","caption":"LM Booking Agency"},"image":{"@id":"https:\/\/lm-bookingagency.com\/de\/#\/schema\/logo\/image\/"}}]}},"_links":{"self":[{"href":"https:\/\/lm-bookingagency.com\/de\/wp-json\/wp\/v2\/pages\/3262","targetHints":{"allow":["GET"]}}],"collection":[{"href":"https:\/\/lm-bookingagency.com\/de\/wp-json\/wp\/v2\/pages"}],"about":[{"href":"https:\/\/lm-bookingagency.com\/de\/wp-json\/wp\/v2\/types\/page"}],"author":[{"embeddable":true,"href":"https:\/\/lm-bookingagency.com\/de\/wp-json\/wp\/v2\/users\/1"}],"replies":[{"embeddable":true,"href":"https:\/\/lm-bookingagency.com\/de\/wp-json\/wp\/v2\/comments?post=3262"}],"version-history":[{"count":20,"href":"https:\/\/lm-bookingagency.com\/de\/wp-json\/wp\/v2\/pages\/3262\/revisions"}],"predecessor-version":[{"id":4737,"href":"https:\/\/lm-bookingagency.com\/de\/wp-json\/wp\/v2\/pages\/3262\/revisions\/4737"}],"up":[{"embeddable":true,"href":"https:\/\/lm-bookingagency.com\/de\/wp-json\/wp\/v2\/pages\/3217"}],"wp:featuredmedia":[{"embeddable":true,"href":"https:\/\/lm-bookingagency.com\/de\/wp-json\/wp\/v2\/media\/3576"}],"wp:attachment":[{"href":"https:\/\/lm-bookingagency.com\/de\/wp-json\/wp\/v2\/media?parent=3262"}],"curies":[{"name":"wp","href":"https:\/\/api.w.org\/{rel}","templated":true}]}}