{"id":3242,"date":"2025-01-21T11:26:24","date_gmt":"2025-01-21T10:26:24","guid":{"rendered":"https:\/\/lm-bookingagency.com\/ueber-uns\/fuer-artist\/"},"modified":"2025-12-27T00:51:29","modified_gmt":"2025-12-26T23:51:29","slug":"fuer-artist","status":"publish","type":"page","link":"https:\/\/lm-bookingagency.com\/de\/ueber-uns\/fuer-artist\/","title":{"rendered":"F\u00fcr Musiker"},"content":{"rendered":"<section class=\"l-section wpb_row height_auto\"><div class=\"l-section-h i-cf\"><div class=\"g-cols vc_row via_grid cols_1 laptops-cols_inherit tablets-cols_inherit mobiles-cols_1 valign_top type_default stacking_default\"><div class=\"wpb_column vc_column_container\"><div class=\"vc_column-inner\"><div class=\"w-separator size_large\"><\/div><\/div><\/div><\/div><\/div><\/section><section class=\"l-section wpb_row height_auto\"><div class=\"l-section-h i-cf\"><div class=\"g-cols vc_row via_grid cols_2-1 laptops-cols_inherit tablets-cols_inherit mobiles-cols_1 valign_top type_default stacking_default\"><div class=\"wpb_column vc_column_container\"><div class=\"vc_column-inner\"><h1 class=\"w-text us_custom_da1a9854\"><span class=\"w-text-h\"><span class=\"w-text-value\">F\u00fcr Musiker<\/span><\/span><\/h1><div class=\"wpb_text_column\"><div class=\"wpb_wrapper\"><p>Wir helfen Musikern, indem wir ihnen mehr M\u00f6glichkeiten bieten, ihrer Kreativit\u00e4t nachzugehen, und helfen ihnen dabei, die Spitze zu erreichen.<\/p>\n<p>Schau Dir unsere Auswahl an Musikstudios an und buche noch heute Deine Studiosession.<\/p>\n<\/div><\/div><\/div><\/div><div class=\"wpb_column vc_column_container\"><div class=\"vc_column-inner\"><\/div><\/div><\/div><\/div><\/section><section class=\"l-section wpb_row height_medium\"><div class=\"l-section-h i-cf\"><div class=\"g-cols vc_row via_grid cols_2 laptops-cols_inherit tablets-cols_inherit mobiles-cols_1 valign_top type_default reversed stacking_default\"><div class=\"wpb_column vc_column_container\"><div class=\"vc_column-inner\"><div class=\"wpb_text_column\"><div class=\"wpb_wrapper\"><h2 data-pm-slice=\"1 1 &#091;&#093;\">Unsere Angebote f\u00fcr Musiker<\/h2>\n<\/div><\/div><div class=\"w-separator size_medium\"><\/div><div class=\"w-iconbox iconpos_left style_default color_primary align_left\"><div class=\"w-iconbox-icon\" style=\"font-size:3rem;\"><i class=\"fas fa-guitars\"><\/i><\/div><div class=\"w-iconbox-meta\"><h3 class=\"w-iconbox-title\" style=\"font-size:1.5rem;\">Hochwertige Ausr\u00fcstung<\/h3><div class=\"w-iconbox-text\"><p data-pm-slice=\"1 1 &#091;&#093;\">Arbeite in Studios, die mit professioneller Aufnahmetechnik ausgestattet sind, damit Deine Musik optimal klingt.<\/p>\n<\/div><\/div><\/div><div class=\"w-separator size_medium\"><\/div><div class=\"w-iconbox iconpos_left style_default color_primary align_left\"><div class=\"w-iconbox-icon\" style=\"font-size:3rem;\"><i class=\"fas fa-head-side-headphones\"><\/i><\/div><div class=\"w-iconbox-meta\"><h3 class=\"w-iconbox-title\" style=\"font-size:1.5rem;\">Erfahrene Toningenieure<\/h3><div class=\"w-iconbox-text\"><p>Profitiere vom Fachwissen erfahrener Toningenieure, die Dir w\u00e4hrend der Aufnahmesessions mit wertvollem Feedback und technischer Unterst\u00fctzung zur Seite stehen.<\/p>\n<\/div><\/div><\/div><div class=\"w-separator size_medium\"><\/div><div class=\"w-iconbox iconpos_left style_default color_primary align_left\"><div class=\"w-iconbox-icon\" style=\"font-size:3rem;\"><i class=\"fas fa-couch\"><\/i><\/div><div class=\"w-iconbox-meta\"><h3 class=\"w-iconbox-title\" style=\"font-size:1.5rem;\">Komfortable und inspirierende R\u00e4ume<\/h3><div class=\"w-iconbox-text\"><p data-pm-slice=\"1 1 &#091;&#093;\">Unsere Studios f\u00f6rdern Deine Kreativit\u00e4t und bieten eine einladende Atmosph\u00e4re f\u00fcr Deine musikalischen Ideen.<\/p>\n<\/div><\/div><\/div><div class=\"w-separator size_medium\"><\/div><div class=\"w-iconbox iconpos_left style_default color_primary align_left\"><div class=\"w-iconbox-icon\" style=\"font-size:3rem;\"><i class=\"fas fa-calendar\"><\/i><\/div><div class=\"w-iconbox-meta\"><h3 class=\"w-iconbox-title\" style=\"font-size:1.5rem;\">Flexible Buchungsoptionen<\/h3><div class=\"w-iconbox-text\"><p data-pm-slice=\"1 1 &#091;&#093;\">Genie\u00dfe den Komfort, Studiozeiten ganz nach Deinem kreativen Prozess zu planen, mit Optionen f\u00fcr st\u00fcndliche, halbt\u00e4gige oder ganzt\u00e4gige Sitzungen.<\/p>\n<\/div><\/div><\/div><div class=\"w-separator size_medium\"><\/div><div class=\"w-iconbox iconpos_left style_default color_primary align_left\"><div class=\"w-iconbox-icon\" style=\"font-size:3rem;\"><i class=\"fas fa-sliders-h\"><\/i><\/div><div class=\"w-iconbox-meta\"><h3 class=\"w-iconbox-title\" style=\"font-size:1.5rem;\">Postproduktionsdienste<\/h3><div class=\"w-iconbox-text\"><p data-pm-slice=\"1 1 &#091;&#093;\">Nutze zus\u00e4tzliche Dienstleistungen wie Mixing und Mastering f\u00fcr die Ver\u00f6ffentlichung Deiner Musik.<\/p>\n<\/div><\/div><\/div><div class=\"w-separator size_medium\"><\/div><div class=\"w-iconbox iconpos_left style_default color_primary align_left\"><div class=\"w-iconbox-icon\" style=\"font-size:3rem;\"><i class=\"fas fa-comment-smile\"><\/i><\/div><div class=\"w-iconbox-meta\"><h3 class=\"w-iconbox-title\" style=\"font-size:1.5rem;\">Besondere Unterst\u00fctzung<\/h3><div class=\"w-iconbox-text\"><p data-pm-slice=\"1 1 &#091;&#093;\">Unser Team steht Dir bei jedem Schritt zur Seite und sorgt daf\u00fcr, dass Du Dein Erlebnis im Studio reibungslos und angenehm genie\u00dfen kannst.<\/p>\n<\/div><\/div><\/div><\/div><\/div><div class=\"wpb_column vc_column_container\"><div class=\"vc_column-inner\"><div class=\"w-post-elm post_image us_custom_51a65bd9 has_ratio\"><img loading=\"lazy\" decoding=\"async\" width=\"2560\" height=\"1707\" src=\"https:\/\/lm-bookingagency.com\/wp-content\/uploads\/2025\/12\/PetruPanga-56-scaled.jpg\" class=\"attachment-full size-full wp-post-image\" alt=\"\" \/><div style=\"padding-bottom:75%\"><\/div><\/div><\/div><\/div><\/div><\/div><\/section><section class=\"l-section wpb_row us_custom_a21ea65f height_auto\"><div class=\"l-section-overlay\" style=\"background:linear-gradient(0deg,rgba(16,16,16,0.75),rgba(0,0,0,0))\"><\/div><div class=\"l-section-h i-cf\"><div class=\"g-cols vc_row via_grid cols_1 laptops-cols_inherit tablets-cols_inherit mobiles-cols_1 valign_top type_default stacking_default\"><div class=\"wpb_column vc_column_container us_custom_a21ea65f\"><div class=\"vc_column-inner\"><div class=\"g-cols wpb_row us_custom_5eb6ccae via_grid cols_1-2-1 laptops-cols_inherit tablets-cols_inherit mobiles-cols_1 valign_middle type_default stacking_default\" style=\"--columns-gap:3rem;\"><div class=\"wpb_column vc_column_container\"><div class=\"vc_column-inner\"><\/div><\/div><div class=\"wpb_column vc_column_container\"><div class=\"vc_column-inner\"><div class=\"w-separator size_custom\" style=\"height:5vh\"><\/div><p class=\"w-text us_custom_697005a4\"><span class=\"w-text-h\"><span class=\"w-text-value\">Finde ein Studio<\/span><\/span><\/p><div class=\"w-separator size_custom\" style=\"height:5vh\"><\/div><div class=\"w-btn-wrapper align_center\"><a class=\"w-btn us-btn-style_1\" href=\"https:\/\/lm-bookingagency.com\/de\/studios\/\"><span class=\"w-btn-label\">Studios<\/span><\/a><\/div><\/div><\/div><div class=\"wpb_column vc_column_container\"><div class=\"vc_column-inner\"><\/div><\/div><\/div><div class=\"w-separator size_medium\"><\/div><\/div><\/div><\/div><\/div><\/section>\n","protected":false},"excerpt":{"rendered":"<p>Wir helfen Musikern, indem wir ihnen mehr M\u00f6glichkeiten bieten, ihrer Kreativit\u00e4t nachzugehen, und helfen ihnen dabei, die Spitze zu erreichen. Schau Dir unsere Auswahl an Musikstudios an und buche noch heute Deine Studiosession.<\/p>\n","protected":false},"author":1,"featured_media":4362,"parent":3217,"menu_order":0,"comment_status":"closed","ping_status":"closed","template":"","meta":{"_acf_changed":false,"footnotes":""},"class_list":["post-3242","page","type-page","status-publish","has-post-thumbnail","hentry"],"acf":[],"yoast_head":"<!-- This site is optimized with the Yoast SEO plugin v25.9 - https:\/\/yoast.com\/wordpress\/plugins\/seo\/ -->\n<title>F\u00fcr Musiker - LM Booking Agency<\/title>\n<meta name=\"robots\" content=\"index, follow, max-snippet:-1, max-image-preview:large, max-video-preview:-1\" \/>\n<link rel=\"canonical\" href=\"https:\/\/lm-bookingagency.com\/de\/ueber-uns\/fuer-artist\/\" \/>\n<meta property=\"og:locale\" content=\"de_DE\" \/>\n<meta property=\"og:type\" content=\"article\" \/>\n<meta property=\"og:title\" content=\"F\u00fcr Musiker - LM Booking Agency\" \/>\n<meta property=\"og:description\" content=\"Wir helfen Musikern, indem wir ihnen mehr M\u00f6glichkeiten bieten, ihrer Kreativit\u00e4t nachzugehen, und helfen ihnen dabei, die Spitze zu erreichen. Schau Dir unsere Auswahl an Musikstudios an und buche noch heute Deine Studiosession.\" \/>\n<meta property=\"og:url\" content=\"https:\/\/lm-bookingagency.com\/de\/ueber-uns\/fuer-artist\/\" \/>\n<meta property=\"og:site_name\" content=\"LM Booking Agency\" \/>\n<meta property=\"article:modified_time\" content=\"2025-12-26T23:51:29+00:00\" \/>\n<meta property=\"og:image\" content=\"https:\/\/lm-bookingagency.com\/wp-content\/uploads\/2025\/12\/PetruPanga-56-scaled.jpg\" \/>\n\t<meta property=\"og:image:width\" content=\"2560\" \/>\n\t<meta property=\"og:image:height\" content=\"1707\" \/>\n\t<meta property=\"og:image:type\" content=\"image\/jpeg\" \/>\n<meta name=\"twitter:card\" content=\"summary_large_image\" \/>\n<script type=\"application\/ld+json\" class=\"yoast-schema-graph\">{\"@context\":\"https:\/\/schema.org\",\"@graph\":[{\"@type\":\"WebPage\",\"@id\":\"https:\/\/lm-bookingagency.com\/de\/ueber-uns\/fuer-artist\/\",\"url\":\"https:\/\/lm-bookingagency.com\/de\/ueber-uns\/fuer-artist\/\",\"name\":\"F\u00fcr Musiker - LM Booking Agency\",\"isPartOf\":{\"@id\":\"https:\/\/lm-bookingagency.com\/de\/#website\"},\"primaryImageOfPage\":{\"@id\":\"https:\/\/lm-bookingagency.com\/de\/ueber-uns\/fuer-artist\/#primaryimage\"},\"image\":{\"@id\":\"https:\/\/lm-bookingagency.com\/de\/ueber-uns\/fuer-artist\/#primaryimage\"},\"thumbnailUrl\":\"https:\/\/lm-bookingagency.com\/wp-content\/uploads\/2025\/12\/PetruPanga-56-scaled.jpg\",\"datePublished\":\"2025-01-21T10:26:24+00:00\",\"dateModified\":\"2025-12-26T23:51:29+00:00\",\"breadcrumb\":{\"@id\":\"https:\/\/lm-bookingagency.com\/de\/ueber-uns\/fuer-artist\/#breadcrumb\"},\"inLanguage\":\"de\",\"potentialAction\":[{\"@type\":\"ReadAction\",\"target\":[\"https:\/\/lm-bookingagency.com\/de\/ueber-uns\/fuer-artist\/\"]}]},{\"@type\":\"ImageObject\",\"inLanguage\":\"de\",\"@id\":\"https:\/\/lm-bookingagency.com\/de\/ueber-uns\/fuer-artist\/#primaryimage\",\"url\":\"https:\/\/lm-bookingagency.com\/wp-content\/uploads\/2025\/12\/PetruPanga-56-scaled.jpg\",\"contentUrl\":\"https:\/\/lm-bookingagency.com\/wp-content\/uploads\/2025\/12\/PetruPanga-56-scaled.jpg\",\"width\":2560,\"height\":1707},{\"@type\":\"BreadcrumbList\",\"@id\":\"https:\/\/lm-bookingagency.com\/de\/ueber-uns\/fuer-artist\/#breadcrumb\",\"itemListElement\":[{\"@type\":\"ListItem\",\"position\":1,\"name\":\"Startseite\",\"item\":\"https:\/\/lm-bookingagency.com\/de\/\"},{\"@type\":\"ListItem\",\"position\":2,\"name\":\"\u00dcber Uns\",\"item\":\"https:\/\/lm-bookingagency.com\/de\/about-us\/\"},{\"@type\":\"ListItem\",\"position\":3,\"name\":\"F\u00fcr Musiker\"}]},{\"@type\":\"WebSite\",\"@id\":\"https:\/\/lm-bookingagency.com\/de\/#website\",\"url\":\"https:\/\/lm-bookingagency.com\/de\/\",\"name\":\"LM Booking Agency\",\"description\":\"\",\"publisher\":{\"@id\":\"https:\/\/lm-bookingagency.com\/de\/#organization\"},\"potentialAction\":[{\"@type\":\"SearchAction\",\"target\":{\"@type\":\"EntryPoint\",\"urlTemplate\":\"https:\/\/lm-bookingagency.com\/de\/?s={search_term_string}\"},\"query-input\":{\"@type\":\"PropertyValueSpecification\",\"valueRequired\":true,\"valueName\":\"search_term_string\"}}],\"inLanguage\":\"de\"},{\"@type\":\"Organization\",\"@id\":\"https:\/\/lm-bookingagency.com\/de\/#organization\",\"name\":\"LM Booking Agency\",\"alternateName\":\"LM\",\"url\":\"https:\/\/lm-bookingagency.com\/de\/\",\"logo\":{\"@type\":\"ImageObject\",\"inLanguage\":\"de\",\"@id\":\"https:\/\/lm-bookingagency.com\/de\/#\/schema\/logo\/image\/\",\"url\":\"\",\"contentUrl\":\"\",\"caption\":\"LM Booking Agency\"},\"image\":{\"@id\":\"https:\/\/lm-bookingagency.com\/de\/#\/schema\/logo\/image\/\"}}]}<\/script>\n<!-- \/ Yoast SEO plugin. -->","yoast_head_json":{"title":"F\u00fcr Musiker - LM Booking Agency","robots":{"index":"index","follow":"follow","max-snippet":"max-snippet:-1","max-image-preview":"max-image-preview:large","max-video-preview":"max-video-preview:-1"},"canonical":"https:\/\/lm-bookingagency.com\/de\/ueber-uns\/fuer-artist\/","og_locale":"de_DE","og_type":"article","og_title":"F\u00fcr Musiker - LM Booking Agency","og_description":"Wir helfen Musikern, indem wir ihnen mehr M\u00f6glichkeiten bieten, ihrer Kreativit\u00e4t nachzugehen, und helfen ihnen dabei, die Spitze zu erreichen. Schau Dir unsere Auswahl an Musikstudios an und buche noch heute Deine Studiosession.","og_url":"https:\/\/lm-bookingagency.com\/de\/ueber-uns\/fuer-artist\/","og_site_name":"LM Booking Agency","article_modified_time":"2025-12-26T23:51:29+00:00","og_image":[{"width":2560,"height":1707,"url":"https:\/\/lm-bookingagency.com\/wp-content\/uploads\/2025\/12\/PetruPanga-56-scaled.jpg","type":"image\/jpeg"}],"twitter_card":"summary_large_image","schema":{"@context":"https:\/\/schema.org","@graph":[{"@type":"WebPage","@id":"https:\/\/lm-bookingagency.com\/de\/ueber-uns\/fuer-artist\/","url":"https:\/\/lm-bookingagency.com\/de\/ueber-uns\/fuer-artist\/","name":"F\u00fcr Musiker - LM Booking Agency","isPartOf":{"@id":"https:\/\/lm-bookingagency.com\/de\/#website"},"primaryImageOfPage":{"@id":"https:\/\/lm-bookingagency.com\/de\/ueber-uns\/fuer-artist\/#primaryimage"},"image":{"@id":"https:\/\/lm-bookingagency.com\/de\/ueber-uns\/fuer-artist\/#primaryimage"},"thumbnailUrl":"https:\/\/lm-bookingagency.com\/wp-content\/uploads\/2025\/12\/PetruPanga-56-scaled.jpg","datePublished":"2025-01-21T10:26:24+00:00","dateModified":"2025-12-26T23:51:29+00:00","breadcrumb":{"@id":"https:\/\/lm-bookingagency.com\/de\/ueber-uns\/fuer-artist\/#breadcrumb"},"inLanguage":"de","potentialAction":[{"@type":"ReadAction","target":["https:\/\/lm-bookingagency.com\/de\/ueber-uns\/fuer-artist\/"]}]},{"@type":"ImageObject","inLanguage":"de","@id":"https:\/\/lm-bookingagency.com\/de\/ueber-uns\/fuer-artist\/#primaryimage","url":"https:\/\/lm-bookingagency.com\/wp-content\/uploads\/2025\/12\/PetruPanga-56-scaled.jpg","contentUrl":"https:\/\/lm-bookingagency.com\/wp-content\/uploads\/2025\/12\/PetruPanga-56-scaled.jpg","width":2560,"height":1707},{"@type":"BreadcrumbList","@id":"https:\/\/lm-bookingagency.com\/de\/ueber-uns\/fuer-artist\/#breadcrumb","itemListElement":[{"@type":"ListItem","position":1,"name":"Startseite","item":"https:\/\/lm-bookingagency.com\/de\/"},{"@type":"ListItem","position":2,"name":"\u00dcber Uns","item":"https:\/\/lm-bookingagency.com\/de\/about-us\/"},{"@type":"ListItem","position":3,"name":"F\u00fcr Musiker"}]},{"@type":"WebSite","@id":"https:\/\/lm-bookingagency.com\/de\/#website","url":"https:\/\/lm-bookingagency.com\/de\/","name":"LM Booking Agency","description":"","publisher":{"@id":"https:\/\/lm-bookingagency.com\/de\/#organization"},"potentialAction":[{"@type":"SearchAction","target":{"@type":"EntryPoint","urlTemplate":"https:\/\/lm-bookingagency.com\/de\/?s={search_term_string}"},"query-input":{"@type":"PropertyValueSpecification","valueRequired":true,"valueName":"search_term_string"}}],"inLanguage":"de"},{"@type":"Organization","@id":"https:\/\/lm-bookingagency.com\/de\/#organization","name":"LM Booking Agency","alternateName":"LM","url":"https:\/\/lm-bookingagency.com\/de\/","logo":{"@type":"ImageObject","inLanguage":"de","@id":"https:\/\/lm-bookingagency.com\/de\/#\/schema\/logo\/image\/","url":"","contentUrl":"","caption":"LM Booking Agency"},"image":{"@id":"https:\/\/lm-bookingagency.com\/de\/#\/schema\/logo\/image\/"}}]}},"_links":{"self":[{"href":"https:\/\/lm-bookingagency.com\/de\/wp-json\/wp\/v2\/pages\/3242","targetHints":{"allow":["GET"]}}],"collection":[{"href":"https:\/\/lm-bookingagency.com\/de\/wp-json\/wp\/v2\/pages"}],"about":[{"href":"https:\/\/lm-bookingagency.com\/de\/wp-json\/wp\/v2\/types\/page"}],"author":[{"embeddable":true,"href":"https:\/\/lm-bookingagency.com\/de\/wp-json\/wp\/v2\/users\/1"}],"replies":[{"embeddable":true,"href":"https:\/\/lm-bookingagency.com\/de\/wp-json\/wp\/v2\/comments?post=3242"}],"version-history":[{"count":13,"href":"https:\/\/lm-bookingagency.com\/de\/wp-json\/wp\/v2\/pages\/3242\/revisions"}],"predecessor-version":[{"id":4592,"href":"https:\/\/lm-bookingagency.com\/de\/wp-json\/wp\/v2\/pages\/3242\/revisions\/4592"}],"up":[{"embeddable":true,"href":"https:\/\/lm-bookingagency.com\/de\/wp-json\/wp\/v2\/pages\/3217"}],"wp:featuredmedia":[{"embeddable":true,"href":"https:\/\/lm-bookingagency.com\/de\/wp-json\/wp\/v2\/media\/4362"}],"wp:attachment":[{"href":"https:\/\/lm-bookingagency.com\/de\/wp-json\/wp\/v2\/media?parent=3242"}],"curies":[{"name":"wp","href":"https:\/\/api.w.org\/{rel}","templated":true}]}}