{"id":3217,"date":"2024-12-16T12:59:15","date_gmt":"2024-12-16T11:59:15","guid":{"rendered":"https:\/\/lm-bookingagency.com\/ueber-uns\/"},"modified":"2025-12-27T00:55:35","modified_gmt":"2025-12-26T23:55:35","slug":"ueber-uns","status":"publish","type":"page","link":"https:\/\/lm-bookingagency.com\/de\/ueber-uns\/","title":{"rendered":"\u00dcber Uns"},"content":{"rendered":"<section class=\"l-section wpb_row height_auto\"><div class=\"l-section-h i-cf\"><div class=\"g-cols vc_row via_grid cols_1 laptops-cols_inherit tablets-cols_inherit mobiles-cols_1 valign_top type_default stacking_default\"><div class=\"wpb_column vc_column_container\"><div class=\"vc_column-inner\"><div class=\"w-separator size_large\"><\/div><\/div><\/div><\/div><\/div><\/section><section class=\"l-section wpb_row height_auto\"><div class=\"l-section-h i-cf\"><div class=\"g-cols vc_row via_grid cols_2-1 laptops-cols_inherit tablets-cols_inherit mobiles-cols_1 valign_top type_default stacking_default\"><div class=\"wpb_column vc_column_container\"><div class=\"vc_column-inner\"><h1 class=\"w-text us_custom_da1a9854\"><span class=\"w-text-h\"><span class=\"w-text-value\">\u00dcber LM Booking Agency<\/span><\/span><\/h1><div class=\"wpb_text_column\"><div class=\"wpb_wrapper\"><p data-pm-slice=\"1 1 &#091;&#093;\"><strong data-start=\"172\" data-end=\"261\">Willkommen bei LM Booking, Deiner Plattform f\u00fcr erstklassige Studioerlebnisse. <\/strong><span>Wir sind darauf spezialisiert, K\u00fcnstler mit sorgf\u00e4ltig ausgew\u00e4hlten, hochwertigen Studios zusammenzubringen, die professionellen Sound und eine inspirierende Umgebung bieten. Jedes Studio auf unserer Plattform wurde aufgrund seiner erstklassigen Ausstattung, seiner kreativen Atmosph\u00e4re und seines zuverl\u00e4ssigen Services ausgew\u00e4hlt, damit jede Session zu einem Erfolg wird. <\/span><\/p>\n<\/div><\/div><\/div><\/div><div class=\"wpb_column vc_column_container\"><div class=\"vc_column-inner\"><\/div><\/div><\/div><\/div><\/section><section class=\"l-section wpb_row height_medium\"><div class=\"l-section-h i-cf\"><div class=\"g-cols vc_row via_grid cols_2 laptops-cols_inherit tablets-cols_inherit mobiles-cols_1 valign_top type_default reversed stacking_default\"><div class=\"wpb_column vc_column_container\"><div class=\"vc_column-inner\"><div class=\"wpb_text_column\"><div class=\"wpb_wrapper\"><h2 data-pm-slice=\"1 1 &#091;&#093;\">Was wir anbieten<\/h2>\n<\/div><\/div><div class=\"w-separator size_medium\"><\/div><div class=\"w-iconbox iconpos_left style_default color_primary align_left\"><div class=\"w-iconbox-icon\" style=\"font-size:3rem;\"><i class=\"fas fa-microphone-alt\"><\/i><\/div><div class=\"w-iconbox-meta\"><h3 class=\"w-iconbox-title\" style=\"font-size:1.5rem;\">Studio Buchungen<\/h3><div class=\"w-iconbox-text\"><p data-pm-slice=\"1 1 &#091;&#093;\">Nutze professionelle Aufnahmestudios mit modernster Technik, die einen kreativen Raum bieten, um Deine musikalischen Ideen zum Leben zu erwecken.<\/p>\n<\/div><\/div><\/div><div class=\"w-separator size_medium\"><\/div><div class=\"w-iconbox iconpos_left style_default color_primary align_left\"><div class=\"w-iconbox-icon\" style=\"font-size:3rem;\"><i class=\"fas fa-users\"><\/i><\/div><div class=\"w-iconbox-meta\"><h3 class=\"w-iconbox-title\" style=\"font-size:1.5rem;\">Benutzerfreundliche Buchungsplattform<\/h3><div class=\"w-iconbox-text\"><p data-pm-slice=\"1 1 &#091;&#093;\">Unser intuitives Online-Buchungssystem macht es einfach, die Verf\u00fcgbarkeit zu pr\u00fcfen und Deine Buchungen mit nur wenigen Klicks zu sichern.<\/p>\n<\/div><\/div><\/div><div class=\"w-separator size_medium\"><\/div><div class=\"w-iconbox iconpos_left style_default color_primary align_left\"><div class=\"w-iconbox-icon\" style=\"font-size:3rem;\"><i class=\"fas fa-comment-smile\"><\/i><\/div><div class=\"w-iconbox-meta\"><h3 class=\"w-iconbox-title\" style=\"font-size:1.5rem;\">Engagierter Kundensupport<\/h3><div class=\"w-iconbox-text\"><p data-pm-slice=\"1 1 &#091;&#093;\">Unser freundliches und kompetentes Team begleitet Dich bei jedem Schritt und sorgt f\u00fcr einen reibungslosen und angenehmen Ablauf.<\/p>\n<\/div><\/div><\/div><\/div><\/div><div class=\"wpb_column vc_column_container\"><div class=\"vc_column-inner\"><div class=\"w-post-elm post_image us_custom_51a65bd9 has_ratio\"><img loading=\"lazy\" decoding=\"async\" width=\"2560\" height=\"1707\" src=\"https:\/\/lm-bookingagency.com\/wp-content\/uploads\/2025\/08\/PangaPetru-67-scaled.jpg\" class=\"attachment-full size-full wp-post-image\" alt=\"\" \/><div style=\"padding-bottom:75%\"><\/div><\/div><\/div><\/div><\/div><\/div><\/section><section class=\"l-section wpb_row us_custom_a21ea65f height_auto\"><div class=\"l-section-overlay\" style=\"background:linear-gradient(0deg,rgba(16,16,16,0.75),rgba(0,0,0,0))\"><\/div><div class=\"l-section-h i-cf\"><div class=\"g-cols vc_row via_grid cols_1 laptops-cols_inherit tablets-cols_inherit mobiles-cols_1 valign_top type_default stacking_default\"><div class=\"wpb_column vc_column_container us_custom_a21ea65f\"><div class=\"vc_column-inner\"><div class=\"g-cols wpb_row us_custom_4f784e20 via_grid cols_1-2-1 laptops-cols_inherit tablets-cols_inherit mobiles-cols_1 valign_middle type_default stacking_default\" style=\"--columns-gap:3rem;\"><div class=\"wpb_column vc_column_container\"><div class=\"vc_column-inner\"><\/div><\/div><div class=\"wpb_column vc_column_container\"><div class=\"vc_column-inner\"><div class=\"w-separator size_custom\" style=\"height:5vh\"><\/div><p class=\"w-text us_custom_697005a4\"><span class=\"w-text-h\"><span class=\"w-text-value\">Deine Vision. Unser Support<\/span><\/span><\/p><div class=\"w-separator size_custom\" style=\"height:5vh\"><\/div><div class=\"w-btn-wrapper align_center\"><a class=\"w-btn us-btn-style_1\" href=\"https:\/\/lm-bookingagency.com\/de\/booking-kontakt\/\"><span class=\"w-btn-label\">Kontaktiere uns<\/span><\/a><\/div><\/div><\/div><div class=\"wpb_column vc_column_container\"><div class=\"vc_column-inner\"><\/div><\/div><\/div><\/div><\/div><\/div><\/div><\/section><section class=\"l-section wpb_row height_medium\"><div class=\"l-section-h i-cf\"><div class=\"g-cols vc_row via_grid cols_1 laptops-cols_inherit tablets-cols_inherit mobiles-cols_1 valign_top type_default stacking_default\"><div class=\"wpb_column vc_column_container\"><div class=\"vc_column-inner\"><div class=\"w-grid type_grid layout_665 cols_3\" id=\"us_grid_1\" style=\"--columns:3;--gap:1.5rem;\"><style>@media (max-width:1380px){#us_grid_1{--columns:2!important}}@media (max-width:1024px){#us_grid_1{--columns:2!important}}@media (max-width:767px){#us_grid_1{--columns:1!important}}.layout_665 .w-grid-item-h{}.layout_665 .usg_vwrapper_1{transition-duration:0.3s;transform-origin:50% 50%;transform:scale(1) translate(0%,0%)}.layout_665 .w-grid-item-h:focus-within .usg_vwrapper_1,.layout_665 .w-grid-item-h:hover .usg_vwrapper_1{transform:scale(1) translate(0%,0%);opacity:1;border-color:var(--color-header-transparent-text-hover)!important}.layout_665 .usg_vwrapper_1{border-radius:20px!important;padding:24px!important;border:2px solid var(--color-content-border)!important}.layout_665 .usg_post_image_1{border-radius:15px!important}.layout_665 .usg_vwrapper_2{padding-bottom:26px!important}<\/style><div class=\"w-grid-list\">\t<article class=\"w-grid-item size_1x1 post-3262 page type-page status-publish has-post-thumbnail hentry\" data-id=\"3262\">\r\n\t\t<div class=\"w-grid-item-h\">\r\n\t\t\t\t\t\t<div class=\"w-vwrapper usg_vwrapper_1 align_none valign_top\" style=\"--vwrapper-gap:1.20rem\"><div class=\"w-post-elm post_image usg_post_image_1 has_ratio\"><a href=\"https:\/\/lm-bookingagency.com\/de\/ueber-uns\/fuer-musik-studios\/\" aria-label=\"F\u00fcr Musik Studios\"><img loading=\"lazy\" decoding=\"async\" width=\"1024\" height=\"683\" src=\"https:\/\/lm-bookingagency.com\/wp-content\/uploads\/2025\/08\/PangaPetru-4-1024x683.jpg\" class=\"attachment-large size-large wp-post-image\" alt=\"\" \/><\/a><div style=\"padding-bottom:75%\"><\/div><\/div><h3 class=\"w-post-elm post_title usg_post_title_1 entry-title color_link_inherit\"><a href=\"https:\/\/lm-bookingagency.com\/de\/ueber-uns\/fuer-musik-studios\/\">F\u00fcr Musik Studios<\/a><\/h3><div class=\"w-vwrapper usg_vwrapper_2 align_none valign_top has-link\"><div class=\"w-post-elm post_content usg_post_content_1\"><p>Mit Hilfe unseres Buchungssystems wird alles f\u00fcr Dich einfacher. Verabschiede Dich von der Handhabung von Buchungsterminen \u00fcber soziale Medien. Unser Buchungssystem vereinfacht alles f\u00fcr Sie.<\/p>\n<\/div><a href=\"https:\/\/lm-bookingagency.com\/de\/ueber-uns\/fuer-musik-studios\/\" class=\"w-vwrapper-link smooth-scroll\" aria-label=\"Link\"><\/a><\/div><\/div>\t\t<\/div>\r\n\t\t\t<\/article>\r\n\t<article class=\"w-grid-item size_1x1 post-3242 page type-page status-publish has-post-thumbnail hentry\" data-id=\"3242\">\r\n\t\t<div class=\"w-grid-item-h\">\r\n\t\t\t\t\t\t<div class=\"w-vwrapper usg_vwrapper_1 align_none valign_top\" style=\"--vwrapper-gap:1.20rem\"><div class=\"w-post-elm post_image usg_post_image_1 has_ratio\"><a href=\"https:\/\/lm-bookingagency.com\/de\/ueber-uns\/fuer-artist\/\" aria-label=\"F\u00fcr Musiker\"><img loading=\"lazy\" decoding=\"async\" width=\"1024\" height=\"683\" src=\"https:\/\/lm-bookingagency.com\/wp-content\/uploads\/2025\/12\/PetruPanga-56-1024x683.jpg\" class=\"attachment-large size-large wp-post-image\" alt=\"\" \/><\/a><div style=\"padding-bottom:75%\"><\/div><\/div><h3 class=\"w-post-elm post_title usg_post_title_1 entry-title color_link_inherit\"><a href=\"https:\/\/lm-bookingagency.com\/de\/ueber-uns\/fuer-artist\/\">F\u00fcr Musiker<\/a><\/h3><div class=\"w-vwrapper usg_vwrapper_2 align_none valign_top has-link\"><div class=\"w-post-elm post_content usg_post_content_1\"><p>Wir helfen Musikern, indem wir ihnen mehr M\u00f6glichkeiten bieten, ihrer Kreativit\u00e4t nachzugehen, und helfen ihnen dabei, die Spitze zu erreichen. Schau Dir unsere Auswahl an Musikstudios an und buche noch heute Deine Studiosession.<\/p>\n<\/div><a href=\"https:\/\/lm-bookingagency.com\/de\/ueber-uns\/fuer-artist\/\" class=\"w-vwrapper-link smooth-scroll\" aria-label=\"Link\"><\/a><\/div><\/div>\t\t<\/div>\r\n\t\t\t<\/article>\r\n<\/div><div class=\"w-grid-preloader\">\t<div class=\"g-preloader type_1\">\r\n\t\t<div><\/div>\r\n\t<\/div>\r\n\t<\/div>\t<div class=\"w-grid-json hidden\" onclick='return {&quot;action&quot;:&quot;us_ajax_grid&quot;,&quot;infinite_scroll&quot;:0,&quot;max_num_pages&quot;:1,&quot;pagination&quot;:&quot;none&quot;,&quot;template_vars&quot;:{&quot;columns&quot;:&quot;3&quot;,&quot;exclude_items&quot;:&quot;none&quot;,&quot;img_size&quot;:&quot;default&quot;,&quot;ignore_items_size&quot;:0,&quot;items_layout&quot;:&quot;665&quot;,&quot;items_offset&quot;:&quot;1&quot;,&quot;load_animation&quot;:&quot;none&quot;,&quot;overriding_link&quot;:&quot;{\\&quot;url\\&quot;:\\&quot;\\&quot;}&quot;,&quot;post_id&quot;:0,&quot;query_args&quot;:{&quot;ignore_sticky_posts&quot;:1,&quot;post_type&quot;:&quot;any&quot;,&quot;post__in&quot;:[&quot;670&quot;,&quot;657&quot;],&quot;posts_per_page&quot;:&quot;10&quot;},&quot;orderby_query_args&quot;:{&quot;orderby&quot;:{&quot;post__in&quot;:&quot;ASC&quot;},&quot;order&quot;:&quot;ASC&quot;},&quot;type&quot;:&quot;grid&quot;,&quot;us_grid_post_type&quot;:&quot;ids&quot;,&quot;us_grid_ajax_index&quot;:1,&quot;us_grid_filter_query_string&quot;:null,&quot;us_grid_index&quot;:1,&quot;page_args&quot;:[],&quot;lang&quot;:&quot;de&quot;}}'><\/div>\r\n\t<\/div><\/div><\/div><\/div><\/div><\/section>\n","protected":false},"excerpt":{"rendered":"F\u00fcr MusikerWir helfen Musikern, indem wir ihnen mehr M\u00f6glichkeiten bieten, ihrer Kreativit\u00e4t nachzugehen, und helfen ihnen dabei, die Spitze zu erreichen. Schau Dir unsere Auswahl an Musikstudios an und buche noch heute Deine Studiosession. Unsere Angebote f\u00fcr Musiker Hochwertige Ausr\u00fcstungArbeite in Studios, die mit professioneller Aufnahmetechnik ausgestattet sind, damit Deine Musik optimal klingt. Erfahrene ToningenieureProfitiere...","protected":false},"author":1,"featured_media":3608,"parent":0,"menu_order":0,"comment_status":"closed","ping_status":"closed","template":"","meta":{"_acf_changed":false,"footnotes":""},"class_list":["post-3217","page","type-page","status-publish","has-post-thumbnail","hentry"],"acf":[],"yoast_head":"<!-- This site is optimized with the Yoast SEO plugin v25.9 - https:\/\/yoast.com\/wordpress\/plugins\/seo\/ -->\n<title>\u00dcber Uns - LM Booking Agency<\/title>\n<meta name=\"robots\" content=\"index, follow, max-snippet:-1, max-image-preview:large, max-video-preview:-1\" \/>\n<link rel=\"canonical\" href=\"https:\/\/lm-bookingagency.com\/de\/ueber-uns\/\" \/>\n<meta property=\"og:locale\" content=\"de_DE\" \/>\n<meta property=\"og:type\" content=\"article\" \/>\n<meta property=\"og:title\" content=\"\u00dcber Uns - LM Booking Agency\" \/>\n<meta property=\"og:url\" content=\"https:\/\/lm-bookingagency.com\/de\/ueber-uns\/\" \/>\n<meta property=\"og:site_name\" content=\"LM Booking Agency\" \/>\n<meta property=\"article:modified_time\" content=\"2025-12-26T23:55:35+00:00\" \/>\n<meta property=\"og:image\" content=\"https:\/\/lm-bookingagency.com\/wp-content\/uploads\/2025\/08\/PangaPetru-67-scaled.jpg\" \/>\n\t<meta property=\"og:image:width\" content=\"2560\" \/>\n\t<meta property=\"og:image:height\" content=\"1707\" \/>\n\t<meta property=\"og:image:type\" content=\"image\/jpeg\" \/>\n<meta name=\"twitter:card\" content=\"summary_large_image\" \/>\n<script type=\"application\/ld+json\" class=\"yoast-schema-graph\">{\"@context\":\"https:\/\/schema.org\",\"@graph\":[{\"@type\":\"WebPage\",\"@id\":\"https:\/\/lm-bookingagency.com\/de\/ueber-uns\/\",\"url\":\"https:\/\/lm-bookingagency.com\/de\/ueber-uns\/\",\"name\":\"\u00dcber Uns - LM Booking Agency\",\"isPartOf\":{\"@id\":\"https:\/\/lm-bookingagency.com\/de\/#website\"},\"primaryImageOfPage\":{\"@id\":\"https:\/\/lm-bookingagency.com\/de\/ueber-uns\/#primaryimage\"},\"image\":{\"@id\":\"https:\/\/lm-bookingagency.com\/de\/ueber-uns\/#primaryimage\"},\"thumbnailUrl\":\"https:\/\/lm-bookingagency.com\/wp-content\/uploads\/2025\/08\/PangaPetru-67-scaled.jpg\",\"datePublished\":\"2024-12-16T11:59:15+00:00\",\"dateModified\":\"2025-12-26T23:55:35+00:00\",\"breadcrumb\":{\"@id\":\"https:\/\/lm-bookingagency.com\/de\/ueber-uns\/#breadcrumb\"},\"inLanguage\":\"de\",\"potentialAction\":[{\"@type\":\"ReadAction\",\"target\":[\"https:\/\/lm-bookingagency.com\/de\/ueber-uns\/\"]}]},{\"@type\":\"ImageObject\",\"inLanguage\":\"de\",\"@id\":\"https:\/\/lm-bookingagency.com\/de\/ueber-uns\/#primaryimage\",\"url\":\"https:\/\/lm-bookingagency.com\/wp-content\/uploads\/2025\/08\/PangaPetru-67-scaled.jpg\",\"contentUrl\":\"https:\/\/lm-bookingagency.com\/wp-content\/uploads\/2025\/08\/PangaPetru-67-scaled.jpg\",\"width\":2560,\"height\":1707},{\"@type\":\"BreadcrumbList\",\"@id\":\"https:\/\/lm-bookingagency.com\/de\/ueber-uns\/#breadcrumb\",\"itemListElement\":[{\"@type\":\"ListItem\",\"position\":1,\"name\":\"Startseite\",\"item\":\"https:\/\/lm-bookingagency.com\/de\/\"},{\"@type\":\"ListItem\",\"position\":2,\"name\":\"\u00dcber Uns\"}]},{\"@type\":\"WebSite\",\"@id\":\"https:\/\/lm-bookingagency.com\/de\/#website\",\"url\":\"https:\/\/lm-bookingagency.com\/de\/\",\"name\":\"LM Booking Agency\",\"description\":\"\",\"publisher\":{\"@id\":\"https:\/\/lm-bookingagency.com\/de\/#organization\"},\"potentialAction\":[{\"@type\":\"SearchAction\",\"target\":{\"@type\":\"EntryPoint\",\"urlTemplate\":\"https:\/\/lm-bookingagency.com\/de\/?s={search_term_string}\"},\"query-input\":{\"@type\":\"PropertyValueSpecification\",\"valueRequired\":true,\"valueName\":\"search_term_string\"}}],\"inLanguage\":\"de\"},{\"@type\":\"Organization\",\"@id\":\"https:\/\/lm-bookingagency.com\/de\/#organization\",\"name\":\"LM Booking Agency\",\"alternateName\":\"LM\",\"url\":\"https:\/\/lm-bookingagency.com\/de\/\",\"logo\":{\"@type\":\"ImageObject\",\"inLanguage\":\"de\",\"@id\":\"https:\/\/lm-bookingagency.com\/de\/#\/schema\/logo\/image\/\",\"url\":\"\",\"contentUrl\":\"\",\"caption\":\"LM Booking Agency\"},\"image\":{\"@id\":\"https:\/\/lm-bookingagency.com\/de\/#\/schema\/logo\/image\/\"}}]}<\/script>\n<!-- \/ Yoast SEO plugin. -->","yoast_head_json":{"title":"\u00dcber Uns - LM Booking Agency","robots":{"index":"index","follow":"follow","max-snippet":"max-snippet:-1","max-image-preview":"max-image-preview:large","max-video-preview":"max-video-preview:-1"},"canonical":"https:\/\/lm-bookingagency.com\/de\/ueber-uns\/","og_locale":"de_DE","og_type":"article","og_title":"\u00dcber Uns - LM Booking Agency","og_url":"https:\/\/lm-bookingagency.com\/de\/ueber-uns\/","og_site_name":"LM Booking Agency","article_modified_time":"2025-12-26T23:55:35+00:00","og_image":[{"width":2560,"height":1707,"url":"https:\/\/lm-bookingagency.com\/wp-content\/uploads\/2025\/08\/PangaPetru-67-scaled.jpg","type":"image\/jpeg"}],"twitter_card":"summary_large_image","schema":{"@context":"https:\/\/schema.org","@graph":[{"@type":"WebPage","@id":"https:\/\/lm-bookingagency.com\/de\/ueber-uns\/","url":"https:\/\/lm-bookingagency.com\/de\/ueber-uns\/","name":"\u00dcber Uns - LM Booking Agency","isPartOf":{"@id":"https:\/\/lm-bookingagency.com\/de\/#website"},"primaryImageOfPage":{"@id":"https:\/\/lm-bookingagency.com\/de\/ueber-uns\/#primaryimage"},"image":{"@id":"https:\/\/lm-bookingagency.com\/de\/ueber-uns\/#primaryimage"},"thumbnailUrl":"https:\/\/lm-bookingagency.com\/wp-content\/uploads\/2025\/08\/PangaPetru-67-scaled.jpg","datePublished":"2024-12-16T11:59:15+00:00","dateModified":"2025-12-26T23:55:35+00:00","breadcrumb":{"@id":"https:\/\/lm-bookingagency.com\/de\/ueber-uns\/#breadcrumb"},"inLanguage":"de","potentialAction":[{"@type":"ReadAction","target":["https:\/\/lm-bookingagency.com\/de\/ueber-uns\/"]}]},{"@type":"ImageObject","inLanguage":"de","@id":"https:\/\/lm-bookingagency.com\/de\/ueber-uns\/#primaryimage","url":"https:\/\/lm-bookingagency.com\/wp-content\/uploads\/2025\/08\/PangaPetru-67-scaled.jpg","contentUrl":"https:\/\/lm-bookingagency.com\/wp-content\/uploads\/2025\/08\/PangaPetru-67-scaled.jpg","width":2560,"height":1707},{"@type":"BreadcrumbList","@id":"https:\/\/lm-bookingagency.com\/de\/ueber-uns\/#breadcrumb","itemListElement":[{"@type":"ListItem","position":1,"name":"Startseite","item":"https:\/\/lm-bookingagency.com\/de\/"},{"@type":"ListItem","position":2,"name":"\u00dcber Uns"}]},{"@type":"WebSite","@id":"https:\/\/lm-bookingagency.com\/de\/#website","url":"https:\/\/lm-bookingagency.com\/de\/","name":"LM Booking Agency","description":"","publisher":{"@id":"https:\/\/lm-bookingagency.com\/de\/#organization"},"potentialAction":[{"@type":"SearchAction","target":{"@type":"EntryPoint","urlTemplate":"https:\/\/lm-bookingagency.com\/de\/?s={search_term_string}"},"query-input":{"@type":"PropertyValueSpecification","valueRequired":true,"valueName":"search_term_string"}}],"inLanguage":"de"},{"@type":"Organization","@id":"https:\/\/lm-bookingagency.com\/de\/#organization","name":"LM Booking Agency","alternateName":"LM","url":"https:\/\/lm-bookingagency.com\/de\/","logo":{"@type":"ImageObject","inLanguage":"de","@id":"https:\/\/lm-bookingagency.com\/de\/#\/schema\/logo\/image\/","url":"","contentUrl":"","caption":"LM Booking Agency"},"image":{"@id":"https:\/\/lm-bookingagency.com\/de\/#\/schema\/logo\/image\/"}}]}},"_links":{"self":[{"href":"https:\/\/lm-bookingagency.com\/de\/wp-json\/wp\/v2\/pages\/3217","targetHints":{"allow":["GET"]}}],"collection":[{"href":"https:\/\/lm-bookingagency.com\/de\/wp-json\/wp\/v2\/pages"}],"about":[{"href":"https:\/\/lm-bookingagency.com\/de\/wp-json\/wp\/v2\/types\/page"}],"author":[{"embeddable":true,"href":"https:\/\/lm-bookingagency.com\/de\/wp-json\/wp\/v2\/users\/1"}],"replies":[{"embeddable":true,"href":"https:\/\/lm-bookingagency.com\/de\/wp-json\/wp\/v2\/comments?post=3217"}],"version-history":[{"count":19,"href":"https:\/\/lm-bookingagency.com\/de\/wp-json\/wp\/v2\/pages\/3217\/revisions"}],"predecessor-version":[{"id":4593,"href":"https:\/\/lm-bookingagency.com\/de\/wp-json\/wp\/v2\/pages\/3217\/revisions\/4593"}],"wp:featuredmedia":[{"embeddable":true,"href":"https:\/\/lm-bookingagency.com\/de\/wp-json\/wp\/v2\/media\/3608"}],"wp:attachment":[{"href":"https:\/\/lm-bookingagency.com\/de\/wp-json\/wp\/v2\/media?parent=3217"}],"curies":[{"name":"wp","href":"https:\/\/api.w.org\/{rel}","templated":true}]}}